{"id":147,"date":"2016-12-08T05:51:49","date_gmt":"2016-12-08T05:51:49","guid":{"rendered":"https:\/\/2017-fr.montreal.wordcamp.org\/location\/"},"modified":"2019-07-10T10:40:59","modified_gmt":"2019-07-10T10:40:59","slug":"lieu","status":"publish","type":"page","link":"https:\/\/montreal.wordcamp.org\/2019-fr\/lieu\/","title":{"rendered":"Lieu"},"content":{"rendered":"<p><b>John Molson School of Business &#8212; Universit\u00e9 Concordia<\/b><br \/>\n<a href=\"https:\/\/www.google.com\/maps?ll=45.488778,-73.581313&amp;z=15&amp;t=m&amp;hl=en-US&amp;gl=US&amp;mapclient=embed&amp;cid=9174817062369643346\"> 1450 rue Guy, coin de Maisonneuve Ouest<\/a><br \/>\nMontr\u00e9al (Qu\u00e9bec)\u00a0H3H 0A1<br \/>\nMetro: Guy-Concordia (ligne verte)<\/p>\n<div class=\"googlemaps\">\n\t\t\t\t<iframe loading=\"lazy\" width=\"800\" height=\"600\" frameborder=\"0\" scrolling=\"no\" marginheight=\"0\" marginwidth=\"0\"  src=\"https:\/\/www.google.com\/maps\/embed?pb=!1m14!1m8!1m3!1d1715.6423485436223!2d-73.57972189928259!3d45.49507807170919!3m2!1i1024!2i768!4f13.1!3m3!1m2!1s0x4cc91a6a52c0701f:0x7f537f8209bc4b52!2sJohn%20Molson%20School%20of%20Business!5e0!3m2!1sen!2sus!4v1462411130983\"><\/iframe>\n\t\t\t<\/div>\n<p><!--more--><\/p>\n<p>Cette ann\u00e9e, le WordCamp Montr\u00e9al aura lieu \u00e0 l&rsquo;\u00e9cole John Molson de l&rsquo;Universit\u00e9 Concordia. Situ\u00e9 au c\u0153ur du centre-ville de Montr\u00e9al et facilement accessible par la station de m\u00e9tro Guy-Concordia, ce lieu est situ\u00e9 dans un quartier anim\u00e9 et diversifi\u00e9 de la ville. Toutes les pi\u00e8ces sont \u00e9quip\u00e9es d&rsquo;un podium, de projecteurs et d&rsquo;\u00e9quipement de pr\u00e9sentation audiovisuelle. Le b\u00e2timent est accessible par fauteuil roulant.<\/p>\n<p>Deux salles de cours et <a href=\"http:\/\/www.concordia.ca\/maps\/buildings\/concordia-panoramas\/mb-bmo-amphitheatre.html\">l&rsquo;amphith\u00e9\u00e2tre BMO<\/a> au rez-de-chauss\u00e9e (MB 1.210) seront utilis\u00e9es. La r\u00e9ception, la nourriture et le \u00abHappiness Bar\u00bb seront dans <a href=\"http:\/\/www.concordia.ca\/maps\/buildings\/concordia-panoramas\/mb-jmsb-lobby.html\">l&rsquo;Atrium<\/a> au rez-de-chauss\u00e9e.<\/p>\n<h3 id=\"bathroom\">Urgence et s\u00e9curit\u00e9<\/h3>\n<p>Le service de la s\u00e9curit\u00e9 de l&rsquo;universit\u00e9 Concordia peuvent \u00eatre appel\u00e9s au 514-848-3717. Depuis les t\u00e9l\u00e9phones et intercoms de l&rsquo;universit\u00e9, signalez le 3717. Les services de s\u00e9curit\u00e9 de l&rsquo;universit\u00e9 seront en contact avec les autorit\u00e9s\u00a0appropri\u00e9s.<\/p>\n<h2 class=\"row-fluid\">Transport et stationnement<\/h2>\n<h3>M\u00e9tro<\/h3>\n<p>Le\u00a0John Molson School of Business peut \u00eatre directement acc\u00e9d\u00e9 depuis la station de m\u00e9tro\u00a0<strong><a href=\"http:\/\/stm.info\/fr\/info\/networks\/metro\/guy-concordia\">Guy-Concordia<\/a>, <\/strong>sur la ligne verte.<\/p>\n<h3>BIXI<\/h3>\n<p>L&rsquo;\u00e9cole est tout pr\u00e8s d&rsquo;une station\u00a0<a href=\"http:\/\/montreal.bixi.com\/\">BIXI<\/a>, le syst\u00e8me de partage de v\u00e9lo pratique.<\/p>\n<h3>En auto<\/h3>\n<p>Il y a plusieurs stationnements <a href=\"http:\/\/en.parkopedia.ca\/parking\/1450_rue_guy_montreal_qc_canada\/\">payants dans le quartier<\/a> et <a href=\"https:\/\/www.concordia.ca\/maps\/parking\/sgw-campus.html\">\u00e0 Concordia<\/a>. Le stationnement public, payant ou autre, est aussi disponible dans les rues avoisinantes.\u00a0Le stationnement payant de rue peut \u00eatre pay\u00e9 \u00e0 travers <a href=\"https:\/\/pservicemobile.ca\/\">l&rsquo;appli mobile de la ville<\/a>.<\/p>\n<h3>Taxi et Uber<\/h3>\n<ul>\n<li><a href=\"http:\/\/atlastaxi.qc.ca\/\">Atlas<\/a>: 514-485-8585<\/li>\n<li><a href=\"http:\/\/www.taxi-champlain.ca\/\">Champlain<\/a>: 514-271-1111<\/li>\n<li><a href=\"http:\/\/www.taxi-coop.com\/\">Coop<\/a>: 514-725-9885<\/li>\n<li><a href=\"https:\/\/taxidiamond.com\/\">Diamond<\/a>: 514-273-6331<\/li>\n<li>Uber<\/li>\n<\/ul>\n<h2>Salles de bain unixeses<\/h2>\n<p>L\u2019universit\u00e9 Concordia poss\u00e8de un certain nombre de <a href=\"http:\/\/genderadvocacy.org\/wp-content\/uploads\/2009\/10\/List-of-Concordia-Gender-Neutral-Bathrooms3.pdf\" target=\"_blank\" rel=\"noopener noreferrer\">salles de bain unixeses<\/a> \u00e0 travers ses deux campus.<\/p>\n<h2>H\u00f4tels et auberges \u00e0 proximit\u00e9<\/h2>\n<p>Malheureusement, nous n&rsquo;avons\u00a0pas de tarifs sp\u00e9ciaux. Choisir\u00a0un h\u00f4tel situ\u00e9 au centre-ville vous permet d&rsquo;acc\u00e9der facilement au lieu en m\u00e9tro, en bus ou \u00e0 pied.<\/p>\n<p>Universit\u00e9 Concordia offre\u00a0des chambres \u00e9conomiques d&rsquo;\u00e9t\u00e9 dans ses r\u00e9sidences. Visitez <a href=\"https:\/\/www.concordia.ca\/students\/housing\/summer\/rates-reservations.html\">leur site Web<\/a> pour les tarifs et les r\u00e9servations.<\/p>\n<p>L&rsquo;<a href=\"http:\/\/aubergeywca.com\/\">Auberge YWCA<\/a> dispose de logements abordables \u00e0 quelques minutes de Concordia. Visitez leur site Web pour les tarifs et les r\u00e9servations.<\/p>\n","protected":false},"excerpt":{"rendered":"<p>John Molson School of Business &#8212; Universit\u00e9 Concordia 1450 rue Guy, coin de Maisonneuve Ouest Montr\u00e9al (Qu\u00e9bec)\u00a0H3H 0A1 Metro: Guy-Concordia (ligne verte)<\/p>\n","protected":false},"author":14231116,"featured_media":2366,"parent":0,"menu_order":0,"comment_status":"closed","ping_status":"closed","template":"","meta":{"jetpack_post_was_ever_published":false,"footnotes":""},"class_list":["post-147","page","type-page","status-publish","has-post-thumbnail","hentry"],"jetpack_sharing_enabled":true,"_links":{"self":[{"href":"https:\/\/montreal.wordcamp.org\/2019-fr\/wp-json\/wp\/v2\/pages\/147","targetHints":{"allow":["GET"]}}],"collection":[{"href":"https:\/\/montreal.wordcamp.org\/2019-fr\/wp-json\/wp\/v2\/pages"}],"about":[{"href":"https:\/\/montreal.wordcamp.org\/2019-fr\/wp-json\/wp\/v2\/types\/page"}],"author":[{"embeddable":true,"href":"https:\/\/montreal.wordcamp.org\/2019-fr\/wp-json\/wp\/v2\/users\/14231116"}],"replies":[{"embeddable":true,"href":"https:\/\/montreal.wordcamp.org\/2019-fr\/wp-json\/wp\/v2\/comments?post=147"}],"version-history":[{"count":4,"href":"https:\/\/montreal.wordcamp.org\/2019-fr\/wp-json\/wp\/v2\/pages\/147\/revisions"}],"predecessor-version":[{"id":2770,"href":"https:\/\/montreal.wordcamp.org\/2019-fr\/wp-json\/wp\/v2\/pages\/147\/revisions\/2770"}],"wp:featuredmedia":[{"embeddable":true,"href":"https:\/\/montreal.wordcamp.org\/2019-fr\/wp-json\/wp\/v2\/media\/2366"}],"wp:attachment":[{"href":"https:\/\/montreal.wordcamp.org\/2019-fr\/wp-json\/wp\/v2\/media?parent=147"}],"curies":[{"name":"wp","href":"https:\/\/api.w.org\/{rel}","templated":true}]}}