{"id":148,"date":"2016-12-08T05:51:49","date_gmt":"2016-12-08T05:51:49","guid":{"rendered":"https:\/\/2017-fr.montreal.wordcamp.org\/organizers\/"},"modified":"2019-08-13T16:48:04","modified_gmt":"2019-08-13T16:48:04","slug":"equipe","status":"publish","type":"page","link":"https:\/\/montreal.wordcamp.org\/2019-fr\/equipe\/","title":{"rendered":"\u00c9quipe organisatrice"},"content":{"rendered":"<p>WordCamp Montr\u00e9al est un \u00e9v\u00e9nement organis\u00e9 par la communaut\u00e9. Nous essayons toujours d\u2019inclure le maximum de personnes dans nos d\u00e9cisions. Toutefois, les responsabilit\u00e9s principales ont tendance \u00e0 reposer sur quelques organisateurs-cl\u00e9s.<\/p>\n<p><strong>Organisateurs du WordCamp Montr\u00e9al 2019<\/strong><\/p>\n<div class=\"organizer\" style=\"overflow: auto\">\n<div class=\"organizer-text\"><a href=\"https:\/\/carlalexander.ca\/\"><img loading=\"lazy\" decoding=\"async\" class=\"alignleft wp-image-414 size-medium\" src=\"https:\/\/2016.montreal.wordcamp.org\/files\/2016\/04\/carl-300x300.jpg\" alt=\"Carl Alexander\" width=\"200\" height=\"200\" \/><\/a><a href=\"https:\/\/carlalexander.ca\/\"><strong>Carl Alexander<\/strong><\/a> est un d\u00e9veloppeur avide de PHP qui adore faire des exp\u00e9riences \u00e9tranges en int\u00e9grant diff\u00e9rentes technologies et logiciels libres donnant lieu \u00e0 des r\u00e9sultats parfois impr\u00e9visibles.<\/div>\n<\/div>\n<div class=\"organizer\" style=\"overflow: auto\">\n<div class=\"organizer-text\"><a href=\"http:\/\/www.moimessouliers.org\/\" target=\"_blank\" rel=\"noopener noreferrer\"><img loading=\"lazy\" decoding=\"async\" class=\"size-full wp-image-42 alignleft\" src=\"https:\/\/2017-fr.montreal.wordcamp.org\/files\/2017\/04\/Jennifer_Dore_Dallas-copy.jpg\" alt=\"\" width=\"200\" height=\"200\" \/><\/a><a href=\"http:\/\/moimessouliers.org\/\" target=\"_blank\" rel=\"noopener noreferrer\"><strong>Jennifer Dor\u00e9 Dallas<\/strong><\/a> est blogueuse voyage \u00e0 <a href=\"http:\/\/moimessouliers.org\/\" target=\"_blank\" rel=\"noopener noreferrer\">moimessouliers.org<\/a> et r\u00e9dactrice pigiste. Elle fait \u00e9galement de la r\u00e9vision et de la traduction \u00e0 son compte et donne r\u00e9guli\u00e8rement des conf\u00e9rences et des ateliers de formation dans le domaine des technologies, mais aussi du voyage.<\/div>\n<\/div>\n<div class=\"organizer\" style=\"overflow: auto\">\n<div class=\"organizer-text\"><a href=\"http:\/\/www.andreazoellner.com\" target=\"_blank\" rel=\"noopener noreferrer\"><img loading=\"lazy\" decoding=\"async\" class=\"alignleft size-medium wp-image-433\" src=\"https:\/\/2016.montreal.wordcamp.org\/files\/2016\/03\/andrea_z-300x300.png\" alt=\"andrea_z\" width=\"200\" height=\"200\" \/><\/a><a href=\"http:\/\/www.andreazoellner.com\" target=\"_blank\" rel=\"noopener noreferrer\"><strong>Andrea Zoellner<\/strong><\/a> est responsable du contenu chez l&rsquo;h\u00e9bergeur Web <a href=\"http:\/\/siteground.com\">SiteGround<\/a>. En tant que r\u00e9dactrice, elle a aid\u00e9\u00a0des OSBL, des startups, des \u00e9coles et des grandes soci\u00e9t\u00e9s \u00e0 am\u00e9liorer leurs sites Web avec le pouvoir du contenu \u00e9crit de qualit\u00e9.\u00a0Elle aime les jeux de mots,\u00a0fr\u00e9quenter les caf\u00e9s\u00a0et partager\u00a0ses astuces de voyage sur <a href=\"https:\/\/capsulesuitcase.com\/\" target=\"_blank\" rel=\"noopener noreferrer\">son blogue<\/a>.<\/div>\n<\/div>\n<div class=\"organizer\" style=\"overflow: auto\">\n<div class=\"organizer-text\"><a href=\"https:\/\/www.maximejobin.com\" target=\"_blank\" rel=\"noopener noreferrer\"><img loading=\"lazy\" decoding=\"async\" class=\"alignleft size-medium wp-image-433\" src=\"https:\/\/2019-fr.montreal.wordcamp.org\/files\/2019\/04\/maxime-jobin-wcmtl-300x300.jpg\" alt=\"Maxime Jobin\" width=\"200\" height=\"200\" \/><\/a><a href=\"https:\/\/www.maximejobin.com\" target=\"_blank\" rel=\"noopener noreferrer\"><strong>Maxime Jobin<\/strong><\/a> est le cofondateur de SatelliteWP, un <a title=\"Maintenance WordPress\" href=\"https:\/\/www.satellitewp.com\/?utm_source=wcmtl\">service d\u2019entretien pour WordPress<\/a> o\u00f9 les propri\u00e9taires d\u2019entreprise peuvent oublier l\u2019aspect technique de la gestion d\u2019un site web et se concentrer sur leurs objectifs d\u2019affaires. Il agit comme un conf\u00e9rencier pour partager son expertise et ses connaissances.<\/div>\n<\/div>\n<div class=\"organizer\" style=\"overflow: auto\">\n<div class=\"organizer-text\"><img loading=\"lazy\" decoding=\"async\" class=\"alignleft size-medium wp-image-2458\" src=\"https:\/\/2019-fr.montreal.wordcamp.org\/files\/2019\/05\/peter-square-col-512-300x300.jpg\" alt=\"\" width=\"200\" height=\"200\" srcset=\"https:\/\/montreal.wordcamp.org\/2019-fr\/files\/2019\/05\/peter-square-col-512-300x300.jpg 300w, https:\/\/montreal.wordcamp.org\/2019-fr\/files\/2019\/05\/peter-square-col-512-150x150.jpg 150w, https:\/\/montreal.wordcamp.org\/2019-fr\/files\/2019\/05\/peter-square-col-512.jpg 512w\" sizes=\"auto, (max-width: 200px) 100vw, 200px\" \/> <a href=\"https:\/\/peterhebert.com\/\" target=\"_blank\" rel=\"noopener noreferrer\"><strong>Peter Hebert<\/strong><\/a> est un d\u00e9veloppeur polyvalent qui travaille avec WordPress et Drupal. Il est propri\u00e9taire de <a href=\"https:\/\/rexrana.ca\/\" target=\"_blank\" rel=\"noopener noreferrer\">Rex Rana<\/a> et d\u00e9veloppeur avec <a href=\"https:\/\/colab.coop\/\" target=\"_blank\" rel=\"noopener noreferrer\">CoLab Coop<\/a>, une coop\u00e9rative de technologie distribu\u00e9e \u00e0 travers le monde. Il a \u00e9t\u00e9 conf\u00e9rencier et organisateur du WordCamp \u00e0 Vancouver et est r\u00e9cemment revenu au Qu\u00e9bec.<\/div>\n<\/div>\n<div class=\"organizer\" style=\"overflow: auto\">\n<div class=\"organizer-text\"><img loading=\"lazy\" decoding=\"async\" class=\"alignleft size-medium wp-image-2473\" src=\"https:\/\/2019-fr.montreal.wordcamp.org\/files\/2019\/05\/najomie-cournoyer-300x300.jpg\" alt=\"\" width=\"200\" height=\"200\" srcset=\"https:\/\/montreal.wordcamp.org\/2019-fr\/files\/2019\/05\/najomie-cournoyer-300x300.jpg 300w, https:\/\/montreal.wordcamp.org\/2019-fr\/files\/2019\/05\/najomie-cournoyer-150x150.jpg 150w, https:\/\/montreal.wordcamp.org\/2019-fr\/files\/2019\/05\/najomie-cournoyer-768x768.jpg 768w, https:\/\/montreal.wordcamp.org\/2019-fr\/files\/2019\/05\/najomie-cournoyer-1024x1024.jpg 1024w, https:\/\/montreal.wordcamp.org\/2019-fr\/files\/2019\/05\/najomie-cournoyer.jpg 1200w\" sizes=\"auto, (max-width: 200px) 100vw, 200px\" \/><strong>Najomie Cournoyer<\/strong> est la fondatrice de <a href=\"https:\/\/najco.ca\/\" target=\"_blank\" rel=\"noopener noreferrer\">NAJ &amp; CO<\/a>. N\u00e9e de sa passion pour le branding, le web et le marketing, l\u2019entreprise a comme mission d\u2019accompagner les clients dans leur r\u00e9flexion strat\u00e9gique et de leur proposer des id\u00e9es qui refl\u00e8tent l\u2019image de leur marque unique, \u00e0 travers leurs communications visuelles.<\/div>\n<\/div>\n<div class=\"organizer\" style=\"overflow: auto\">\n<div class=\"organizer-text\"><img loading=\"lazy\" decoding=\"async\" class=\"alignleft size-medium wp-image-2473\" src=\"https:\/\/2019-fr.montreal.wordcamp.org\/files\/2019\/07\/Jean-Francois-Arseneault-236x300.jpg\" alt=\"\" width=\"200\" height=\"200\" \/><strong>Jean-Fran\u00e7ois Arseneault<\/strong> est co-fondateur de SatelliteWP (un <a title=\"Maintenance WordPress\" href=\"https:\/\/www.satellitewp.com\/?utm_source=wcmtl\">service d\u2019entretien pour WordPress<\/a>), utilise WP depuis maintenant 14 ans, participe \u00e0 titre de conf\u00e9rencier \/ b\u00e9n\u00e9vole \u00e0 WordCamp Montr\u00e9al depuis 2010 et supervise la traduction de l\u2019\u00e9cosyst\u00e8me WordPress en Fran\u00e7ais du Canada.<\/div>\n<\/div>\n<div class=\"organizer\" style=\"overflow: auto\">\n<div class=\"organizer-text\"><img loading=\"lazy\" decoding=\"async\" class=\"alignleft size-medium wp-image-2473\" src=\"https:\/\/2019-fr.montreal.wordcamp.org\/files\/2019\/07\/Laurie-MICHEL-300x300.jpg\" alt=\"\" width=\"200\" height=\"200\" \/><strong>Laurie Michel<\/strong> est directrice marketing chez <a title=\"Maintenance WordPress\" href=\"https:\/\/www.satellitewp.com\/?utm_source=wcmtl\">SatelliteWP<\/a>. Elle se sp\u00e9cialise aujourd\u2019hui dans le d\u00e9veloppement de la notori\u00e9t\u00e9 d\u2019une entreprise et l\u2019image de marque. Elle est \u00e9galement une passionn\u00e9e d&rsquo;\u00e9quitation.<\/div>\n<\/div>\n<hr \/>\n<h2><strong>Organisateurs des ann\u00e9es pr\u00e9c\u00e9dentes<\/strong><\/h2>\n<p>Nous aimerions remercier les auteurs des \u00e9ditions pr\u00e9c\u00e9dentes de WordCamp Montr\u00e9al pour tout leur beau travail.<\/p>\n<p><strong>WordCamp Montr\u00e9al 2018<\/strong><br \/>\n<a href=\"http:\/\/andreazoellner.com\">Andrea Zoellner<\/a>, <a href=\"http:\/\/carlalexander.ca\/\" target=\"_blank\" rel=\"noopener noreferrer\">Carl Alexander<\/a>, <a href=\"https:\/\/alexruaux.com\/\" target=\"_blank\" rel=\"noopener noreferrer\">Alex Ruaux<\/a>,\u00a0<a href=\"http:\/\/www.moimessouliers.org\/\" target=\"_blank\" rel=\"noopener noreferrer\">Jennifer Dor\u00e9 Dallas<\/a>, <a href=\"http:\/\/mdovedesign.com\" target=\"_blank\" rel=\"noopener noreferrer\">Meghan Dove<\/a>, Tatamo Andrianjafimalaza &amp; <a href=\"https:\/\/jpurpleman.ca\">Jonathan Perlman<\/a>.<\/p>\n<p><strong>WordCamp Montr\u00e9al 2017<\/strong><br \/>\n<a href=\"http:\/\/andreazoellner.com\">Andrea Zoellner<\/a>, <a href=\"http:\/\/carlalexander.ca\/\" target=\"_blank\" rel=\"noopener noreferrer\">Carl Alexander<\/a>, <a href=\"https:\/\/alexruaux.com\/\" target=\"_blank\" rel=\"noopener noreferrer\">Alex Ruaux<\/a>, <a href=\"http:\/\/richardarchambault.ca\/\" target=\"_blank\" rel=\"noopener noreferrer\">Richard Archambault<\/a>, <a href=\"http:\/\/www.moimessouliers.org\/\" target=\"_blank\" rel=\"noopener noreferrer\">Jennifer Dor\u00e9 Dallas<\/a>\u00a0&amp; <a href=\"https:\/\/en.edesaulniers.com\/\" target=\"_blank\" rel=\"noopener noreferrer\">\u00c9lise Desaulniers.<\/a><\/p>\n<p><strong>WordCamp Montr\u00e9al 2016<\/strong><br \/>\n<a href=\"http:\/\/andreazoellner.com\">Andrea Zoellner<\/a>, <a href=\"http:\/\/www.cafenoirdesign.com\/\" target=\"_blank\" rel=\"noopener noreferrer\">Shannon Smith<\/a>, <a href=\"http:\/\/carlalexander.ca\/\" target=\"_blank\" rel=\"noopener noreferrer\">Carl Alexander<\/a>, <a href=\"https:\/\/alexruaux.com\/\" target=\"_blank\" rel=\"noopener noreferrer\">Alex Ruaux<\/a>, &amp; <a href=\"http:\/\/richardarchambault.ca\/\" target=\"_blank\" rel=\"noopener noreferrer\">Richard Archambault.<\/a><\/p>\n<p><strong>WordCamp Montr\u00e9al 2015<\/strong><br \/>\n<a href=\"http:\/\/www.veronicalouis.com\/\" target=\"_blank\" rel=\"noopener noreferrer\">Veronica Louis<\/a>, <a href=\"http:\/\/www.cafenoirdesign.com\/\" target=\"_blank\" rel=\"noopener noreferrer\">Shannon Smith<\/a>, <a href=\"http:\/\/carlalexander.ca\/\" target=\"_blank\" rel=\"noopener noreferrer\">Carl Alexander<\/a>, <a href=\"https:\/\/alexruaux.com\/\" target=\"_blank\" rel=\"noopener noreferrer\">Alex Ruaux<\/a>, &amp; <a href=\"http:\/\/richardarchambault.ca\/\" target=\"_blank\" rel=\"noopener noreferrer\">Richard Archambault.<\/a><\/p>\n<p><strong>WordCamp Montr\u00e9al 2014<\/strong><br \/>\n<a href=\"http:\/\/jeremyclarke.org\/\" target=\"_blank\" rel=\"noopener noreferrer\">Jeremy Clarke<\/a>, <a href=\"http:\/\/www.cafenoirdesign.com\/\" target=\"_blank\" rel=\"noopener noreferrer\">Shannon Smith<\/a>, <a href=\"http:\/\/carlalexander.ca\/\" target=\"_blank\" rel=\"noopener noreferrer\">Carl Alexander<\/a>, <a href=\"https:\/\/alexruaux.com\/\" target=\"_blank\" rel=\"noopener noreferrer\">Alex Ruaux<\/a>, &amp; <a href=\"http:\/\/richardarchambault.ca\/\" target=\"_blank\" rel=\"noopener noreferrer\">Richard Archambault<\/a>.<\/p>\n<p><strong>WordCamp Montr\u00e9al 2013<\/strong><br \/>\n<a href=\"http:\/\/jeremyclarke.org\/\" target=\"_blank\" rel=\"noopener noreferrer\">Jeremy Clarke<\/a>, <a href=\"http:\/\/www.cafenoirdesign.com\/\" target=\"_blank\" rel=\"noopener noreferrer\">Shannon Smith<\/a>, <a href=\"http:\/\/carlalexander.ca\/\" target=\"_blank\" rel=\"noopener noreferrer\">Carl Alexander<\/a>, <a href=\"https:\/\/alexruaux.com\/\" target=\"_blank\" rel=\"noopener noreferrer\">Alex Ruaux<\/a>, <a href=\"http:\/\/richardarchambault.ca\/\" target=\"_blank\" rel=\"noopener noreferrer\">Richard Archambault<\/a>, &amp; <a href=\"http:\/\/kwight.ca\/\" target=\"_blank\" rel=\"noopener noreferrer\">Kirk Wight<\/a>.<\/p>\n<p><strong>WordCamp Montr\u00e9al 2011 &amp; 2012<\/strong><br \/>\n<a href=\"http:\/\/jeremyclarke.org\/\" target=\"_blank\" rel=\"noopener noreferrer\">Jeremy Clarke<\/a>, <a href=\"http:\/\/www.cafenoirdesign.com\/\" target=\"_blank\" rel=\"noopener noreferrer\">Shannon Smith<\/a>, <a href=\"http:\/\/www.horseandcartagency.com\/\" target=\"_blank\" rel=\"noopener noreferrer\">Brendan Sera-Shriar<\/a>, &amp; <a href=\"http:\/\/carlalexander.ca\/\" target=\"_blank\" rel=\"noopener noreferrer\">Carl Alexander<\/a>.<\/p>\n<p><strong>WordCamp Montr\u00e9al 2010<\/strong><br \/>\n<a href=\"http:\/\/jeremyclarke.org\/\" target=\"_blank\" rel=\"noopener noreferrer\">Jeremy Clarke<\/a>, <a href=\"http:\/\/www.cafenoirdesign.com\/\" target=\"_blank\" rel=\"noopener noreferrer\">Shannon Smith<\/a> &amp; <a href=\"http:\/\/www.horseandcartagency.com\/\" target=\"_blank\" rel=\"noopener noreferrer\">Brendan Sera-Shriar<\/a><\/p>\n<p><strong>WordCamp Montr\u00e9al 2009<\/strong><br \/>\n<a href=\"http:\/\/jeremyclarke.org\/\" target=\"_blank\" rel=\"noopener noreferrer\">Jeremy Clarke<\/a> &amp; <a href=\"http:\/\/www.afroginthevalley.com\/\" target=\"_blank\" rel=\"noopener noreferrer\">Sylvain Carle<\/a><\/p>\n","protected":false},"excerpt":{"rendered":"<p>WordCamp Montr\u00e9al est un \u00e9v\u00e9nement organis\u00e9 par la communaut\u00e9. Nous essayons toujours d\u2019inclure le maximum de personnes dans nos d\u00e9cisions. Toutefois, les responsabilit\u00e9s principales ont tendance \u00e0 reposer sur quelques organisateurs-cl\u00e9s. Organisateurs du WordCamp Montr\u00e9al 2019 Carl Alexander est un d\u00e9veloppeur avide de PHP qui adore faire des exp\u00e9riences \u00e9tranges en int\u00e9grant diff\u00e9rentes technologies et &hellip; <a href=\"https:\/\/montreal.wordcamp.org\/2019-fr\/equipe\/\" class=\"more-link\">Continuer la lecture de <span class=\"screen-reader-text\">\u00c9quipe organisatrice<\/span><\/a><\/p>\n","protected":false},"author":14231116,"featured_media":2308,"parent":0,"menu_order":0,"comment_status":"closed","ping_status":"closed","template":"","meta":{"jetpack_post_was_ever_published":false,"footnotes":""},"class_list":["post-148","page","type-page","status-publish","has-post-thumbnail","hentry"],"jetpack_sharing_enabled":true,"_links":{"self":[{"href":"https:\/\/montreal.wordcamp.org\/2019-fr\/wp-json\/wp\/v2\/pages\/148","targetHints":{"allow":["GET"]}}],"collection":[{"href":"https:\/\/montreal.wordcamp.org\/2019-fr\/wp-json\/wp\/v2\/pages"}],"about":[{"href":"https:\/\/montreal.wordcamp.org\/2019-fr\/wp-json\/wp\/v2\/types\/page"}],"author":[{"embeddable":true,"href":"https:\/\/montreal.wordcamp.org\/2019-fr\/wp-json\/wp\/v2\/users\/14231116"}],"replies":[{"embeddable":true,"href":"https:\/\/montreal.wordcamp.org\/2019-fr\/wp-json\/wp\/v2\/comments?post=148"}],"version-history":[{"count":26,"href":"https:\/\/montreal.wordcamp.org\/2019-fr\/wp-json\/wp\/v2\/pages\/148\/revisions"}],"predecessor-version":[{"id":3128,"href":"https:\/\/montreal.wordcamp.org\/2019-fr\/wp-json\/wp\/v2\/pages\/148\/revisions\/3128"}],"wp:featuredmedia":[{"embeddable":true,"href":"https:\/\/montreal.wordcamp.org\/2019-fr\/wp-json\/wp\/v2\/media\/2308"}],"wp:attachment":[{"href":"https:\/\/montreal.wordcamp.org\/2019-fr\/wp-json\/wp\/v2\/media?parent=148"}],"curies":[{"name":"wp","href":"https:\/\/api.w.org\/{rel}","templated":true}]}}