{"id":155,"date":"2016-12-08T05:51:49","date_gmt":"2016-12-08T05:51:49","guid":{"rendered":"https:\/\/2017-fr.montreal.wordcamp.org\/code-of-conduct\/"},"modified":"2019-05-17T13:21:58","modified_gmt":"2019-05-17T13:21:58","slug":"code-de-deontologie","status":"publish","type":"page","link":"https:\/\/montreal.wordcamp.org\/2019-fr\/code-de-deontologie\/","title":{"rendered":"Code de d\u00e9ontologie"},"content":{"rendered":"<h3>1. Objet<\/h3>\n<p>WordCamp Montr\u00e9al croit que notre communaut\u00e9 devrait \u00eatre ouverte \u00e0 tous. \u00c0 cet effet, nous nous engageons \u00e0 offrir un environnement courtois, s\u00e9curitaire et accueillant \u00e0 tous, peu importe le sexe, l\u2019orientation sexuelle, la race, la religion, les d\u00e9ficiences, ainsi que le choix de syst\u00e8me d\u2019exploitation, de langage de programmation ou d\u2019\u00e9diteur de texte.<\/p>\n<p>Le pr\u00e9sent Code de d\u00e9ontologie d\u00e9crit nos attentes relatives au comportement des participants, ainsi que les cons\u00e9quences d\u2019un comportement inacceptable.<\/p>\n<p>Nous invitons tous les commanditaires, b\u00e9n\u00e9voles, conf\u00e9renciers et autres participants \u00e0 nous aider dans la r\u00e9alisation d\u2019un \u00e9v\u00e9nement positif et s\u00e9curitaire pour tous.<\/p>\n<h3>2. Citoyennet\u00e9 \u00e0 source ouverte<\/h3>\n<p>L\u2019un des autres objectifs du pr\u00e9sent Code de d\u00e9ontologie consiste \u00e0 accro\u00eetre la citoyennet\u00e9 \u00e0 source ouverte par l\u2019encouragement des participants \u00e0 reconna\u00eetre et \u00e0 renforcer les relations entre ce que nous faisons et la communaut\u00e9 dans son ensemble.<\/p>\n<p>Au service de cet objectif, les organisateurs de WordCamp Montr\u00e9al accepteront les mises en candidatures de citoyens exemplaires pendant l\u2019\u00e9v\u00e9nement et reconna\u00eetront les participants s\u00e9lectionn\u00e9s apr\u00e8s la conf\u00e9rence, sur le site Web.<\/p>\n<p>Si vous connaissez une personne qui d\u00e9ploie des efforts suppl\u00e9mentaires pour assurer que notre communaut\u00e9 est accueillante et courtoise, puis qu\u2019elle encourage tous les participants \u00e0 apporter leur pleine contribution, faites-nous-en part. Veuillez informer Alex, notre organisateur b\u00e9n\u00e9vole.<\/p>\n<h3>3. Comportements attendus<\/h3>\n<p>Faites preuve d\u2019obligeance, de respect et de collaboration.<\/p>\n<p>\u00c9vitez les comportements et propos humiliants, discriminatoires et harcelants.<\/p>\n<p>Soyez soucieux de votre environnement et des autres participants. Alertez les organisateurs de la conf\u00e9rence si vous remarquez une situation dangereuse ou une personne en d\u00e9tresse.<\/p>\n<p>Participez activement et de fa\u00e7on authentique. Ce faisant, vous aiderez \u00e0 la cr\u00e9ation de l\u2019\u00e9v\u00e9nement WordCamp Montr\u00e9al et le ferez v\u00f4tre.<\/p>\n<h3>4. Comportements inacceptables<\/h3>\n<p>Les comportements inacceptables comprennent notamment\u00a0: les comportements intimidants, harcelants, abusifs, discriminatoires, d\u00e9sobligeants ou humiliants par les participants de WordCamp Montr\u00e9al et d\u2019\u00e9v\u00e9nements connexes. Tous les lieux de pr\u00e9sentation de WordCamp Montr\u00e9al sont accessibles aux membres du grand public et vous devez par cons\u00e9quent \u00eatre respectueux de toutes les personnes qui y sont pr\u00e9sentes.<\/p>\n<p>Le harc\u00e8lement comprend notamment\u00a0: les commentaires verbaux offensants li\u00e9s au sexe, \u00e0 l\u2019orientation sexuelle, \u00e0 la race, \u00e0 la religion et aux d\u00e9ficiences, la nudit\u00e9 ou l\u2019utilisation inappropri\u00e9e d\u2019images \u00e0 caract\u00e8re sexuel dans des espaces publics (y compris sur des diapositives de pr\u00e9sentation), l\u2019intimidation d\u00e9lib\u00e9r\u00e9e ou la traque furtive, le harc\u00e8lement par photographies ou enregistrements ind\u00e9sirables, la perturbation incessante de conversations ou d\u2019autres \u00e9v\u00e9nements, les contacts physiques inappropri\u00e9s et les attentions sexuelles non-sollicit\u00e9es.<\/p>\n<h3>5. Cons\u00e9quences d\u2019un comportement inacceptable<\/h3>\n<p>Les comportements inacceptables ne seront pas tol\u00e9r\u00e9s par les autres participants, organisateurs, membres du personnel des lieux de pr\u00e9sentation, commanditaires et autres personnes pr\u00e9sentes sur les lieux de pr\u00e9sentation de WordCamp Montr\u00e9al.<\/p>\n<p>Toutes les personnes appel\u00e9es \u00e0 cesser un comportement inacceptable sont tenues d\u2019agir en cons\u00e9quence imm\u00e9diatement.<\/p>\n<p>Si un participant adopte un comportement inacceptable, les organisateurs de l\u2019\u00e9v\u00e9nement pourraient prendre les mesures qu\u2019ils jugeront appropri\u00e9es, qui peuvent comprendre une expulsion de l\u2019\u00e9v\u00e9nement, sans avertissement ni remboursement.<\/p>\n<h3>6. Que faire si vous \u00eates t\u00e9moin ou faites l\u2019objet d\u2019un comportement inacceptable?<\/h3>\n<p>Si vous faites l\u2019objet d\u2019un comportement inacceptable, que vous remarquez qu\u2019une autre personne fait l\u2019objet d\u2019un comportement inacceptable ou que vous constatez une autre situation pr\u00e9occupante, veuillez alerter un organisateur dans les meilleurs d\u00e9lais.<\/p>\n<p>L\u2019\u00e9quipe de WordCamp Montr\u00e9al sera disponible pour aider les participants \u00e0 faire appel au personnel de s\u00e9curit\u00e9 des lieux de pr\u00e9sentation ou au service de police, afin de les escorter ou de les aider \u00e0 faire cesser un tel comportement inacceptable pendant toute la dur\u00e9e de l\u2019\u00e9v\u00e9nement. Tous les b\u00e9n\u00e9voles peuvent vous mettre en lien avec un organisateur de l\u2019\u00e9v\u00e9nement. Vous pouvez \u00e9galement vous rendre au comptoir d\u2019inscription sp\u00e9cial de l\u2019accueil pour demander l\u2019assistance des organisateurs.<\/p>\n<h3>7. Port\u00e9e<\/h3>\n<p>Nous nous attendons \u00e0 ce que tous les participants \u00e0 l\u2019\u00e9v\u00e9nement (commanditaires, b\u00e9n\u00e9voles, conf\u00e9renciers, participants et autres invit\u00e9s) respectent le pr\u00e9sent Code de d\u00e9ontologie dans tous les lieux de pr\u00e9sentation de l\u2019\u00e9v\u00e9nement, ainsi que des \u00e9v\u00e9nements sociaux connexes.<\/p>\n<h3>8. Coordonn\u00e9es<\/h3>\n<p><a href=\"mailto:montreal@wordcamp.org\">montreal@wordcamp.org<\/a>\u00a0ou la page <a href=\"http:\/\/2019-fr.montreal.wordcamp.org\/contact\/\" rel=\"nofollow\">Contact<\/a>.<\/p>\n<h3>9. Licence et source<\/h3>\n<p>Le pr\u00e9sent Code de d\u00e9ontologie est une copie directe du travail exceptionnel d\u2019Open Source Bridge, mais comporte les renseignements relatifs \u00e0 notre \u00e9v\u00e9nement. La copie originale se trouve \u00e0 l\u2019adresse <a href=\"http:\/\/opensourcebridge.org\/about\/code-of-conduct\/\">http:\/\/opensourcebridge.org\/about\/code-of-conduct\/<\/a> et est publi\u00e9e sous une licence <a href=\"http:\/\/creativecommons.org\/licenses\/by-sa\/3.0\/\">Creative Commons Attribution-ShareAlike<\/a><\/p>\n","protected":false},"excerpt":{"rendered":"<p>1. Objet WordCamp Montr\u00e9al croit que notre communaut\u00e9 devrait \u00eatre ouverte \u00e0 tous. \u00c0 cet effet, nous nous engageons \u00e0 offrir un environnement courtois, s\u00e9curitaire et accueillant \u00e0 tous, peu importe le sexe, l\u2019orientation sexuelle, la race, la religion, les d\u00e9ficiences, ainsi que le choix de syst\u00e8me d\u2019exploitation, de langage de programmation ou d\u2019\u00e9diteur de &hellip; <a href=\"https:\/\/montreal.wordcamp.org\/2019-fr\/code-de-deontologie\/\" class=\"more-link\">Continuer la lecture de <span class=\"screen-reader-text\">Code de d\u00e9ontologie<\/span><\/a><\/p>\n","protected":false},"author":14231116,"featured_media":2379,"parent":0,"menu_order":0,"comment_status":"closed","ping_status":"closed","template":"","meta":{"jetpack_post_was_ever_published":false,"footnotes":""},"class_list":["post-155","page","type-page","status-publish","has-post-thumbnail","hentry"],"jetpack_sharing_enabled":true,"_links":{"self":[{"href":"https:\/\/montreal.wordcamp.org\/2019-fr\/wp-json\/wp\/v2\/pages\/155","targetHints":{"allow":["GET"]}}],"collection":[{"href":"https:\/\/montreal.wordcamp.org\/2019-fr\/wp-json\/wp\/v2\/pages"}],"about":[{"href":"https:\/\/montreal.wordcamp.org\/2019-fr\/wp-json\/wp\/v2\/types\/page"}],"author":[{"embeddable":true,"href":"https:\/\/montreal.wordcamp.org\/2019-fr\/wp-json\/wp\/v2\/users\/14231116"}],"replies":[{"embeddable":true,"href":"https:\/\/montreal.wordcamp.org\/2019-fr\/wp-json\/wp\/v2\/comments?post=155"}],"version-history":[{"count":3,"href":"https:\/\/montreal.wordcamp.org\/2019-fr\/wp-json\/wp\/v2\/pages\/155\/revisions"}],"predecessor-version":[{"id":2372,"href":"https:\/\/montreal.wordcamp.org\/2019-fr\/wp-json\/wp\/v2\/pages\/155\/revisions\/2372"}],"wp:featuredmedia":[{"embeddable":true,"href":"https:\/\/montreal.wordcamp.org\/2019-fr\/wp-json\/wp\/v2\/media\/2379"}],"wp:attachment":[{"href":"https:\/\/montreal.wordcamp.org\/2019-fr\/wp-json\/wp\/v2\/media?parent=155"}],"curies":[{"name":"wp","href":"https:\/\/api.w.org\/{rel}","templated":true}]}}