{"id":156,"date":"2017-04-26T13:49:31","date_gmt":"2017-04-26T17:49:31","guid":{"rendered":"https:\/\/2017-fr.montreal.wordcamp.org\/?page_id=58"},"modified":"2019-05-01T03:14:58","modified_gmt":"2019-05-01T03:14:58","slug":"a-propos","status":"publish","type":"page","link":"https:\/\/montreal.wordcamp.org\/2019-fr\/a-propos\/","title":{"rendered":"\u00c0 propos"},"content":{"rendered":"<p><span class=\"drop\">W<\/span>ordCamp Montr\u00e9al est une conf\u00e9rence sur <a href=\"http:\/\/wordpress.org\/\">WordPress<\/a>, la plateforme de blogue et le syst\u00e8me de gestion de contenu le plus populaire au monde. Les WordCamps sont tenus \u00e0 travers le monde, partout o\u00f9 il y a suffisamment d\u2019utilisateurs pour les organiser. Le site WordCamp.org r\u00e9sume l\u2019\u00e9v\u00e8nement \u00e0 ceci:<\/p>\n<blockquote><p>\u00ab\u00a0WordCamp, c\u2019est une conf\u00e9rence ax\u00e9e sur tout ce qui se rapporte \u00e0 WordPress. Les WordCamps sont des \u00e9v\u00e9nements informels organis\u00e9s par la communaut\u00e9 des utilisateurs de WordPress comme vous. Tout le monde, des utilisateurs occasionnels aux d\u00e9veloppeurs purs et durs, participent, \u00e9changent des id\u00e9es et socialisent.<\/p><\/blockquote>\n<p>Chaque ann\u00e9e, WordCamp Montr\u00e9al s\u2019efforce d\u2019offrir un large \u00e9ventail de conf\u00e9rences et de discussions sur WordPress. Nous recherchons des personnes qui sont passionn\u00e9es par WordPress pour divertir nos visiteurs et leur apprendre de nouvelles choses. Voir la liste de conf\u00e9renciers confirm\u00e9s.<\/p>\n<p>L\u2019\u00e9v\u00e9nement est organis\u00e9 pour qu\u2019il y ait trois salles avec conf\u00e9renciers en tout temps. Notre but est de s\u2019assurer que chaque utilisateur WordPress, qu\u2019il soit un programmeur exp\u00e9riment\u00e9 ou un blogueur d\u00e9butant, ait au moins une conf\u00e9rence qui puisse l\u2019int\u00e9resser. Chaque pr\u00e9sentation ne sera pas n\u00e9cessairement utile pour chaque utilisateur, mais nous sommes convaincus que tous quitteront WordCamp avec beaucoup d\u2019informations nouvelles et des id\u00e9es sur comment tirer le maximum de WordPress.<\/p>\n<p>Pour en apprendre davantage sur l\u2019histoire de WordCamp Montr\u00e9al (<a title=\"WordCamp 2009\" href=\"http:\/\/wpmtl.org\/wordcamp\/wordcamp-2009-archive-2\/\">2009<\/a>, <a title=\"WordCamp 2010 Archive\" href=\"http:\/\/wpmtl.org\/wordcamp\/wordcamp-2010-archive\/\">2010<\/a>, <a title=\"WordCamp 2011 Archive\" href=\"http:\/\/fr.2012.montreal.wordcamp.org\/\">2011<\/a>,<a href=\"http:\/\/fr.2012.montreal.wordcamp.org\/\">2012<\/a>, <a href=\"http:\/\/fr.2013.montreal.wordcamp.org\/\">2013<\/a>, <a href=\"https:\/\/montreal.wordcamp.org\/2014-fr\/\">2014<\/a>, <a href=\"https:\/\/2015-fr.montreal.wordcamp.org\/\">2015<\/a>, <a href=\"http:\/\/2016-fr.montreal.wordcamp.org\">2016<\/a>, <a href=\"http:\/\/2017-fr.montreal.wordcamp.org\">2017<\/a>, <a href=\"https:\/\/2018-fr.montreal.wordcamp.org\" target=\"_blank\" rel=\"noopener noreferrer\">2018<\/a>), visitez le site Web de la <a title=\"Communaut\u00e9 WordPress de Montr\u00e9al\" href=\"http:\/\/wpmtl.org\/\">Communaut\u00e9 WordPress de Montr\u00e9al<\/a>.<\/p>\n<p>&nbsp;<\/p>\n<h3>Gardez le fil de nos nouvelles de WordCamp Montr\u00e9al<\/h3>\n<p>Visitez <a href=\"http:\/\/wpmtl.org\">notre site communautaire<\/a> pour recevoir les nouvelles \u00e0 propos des WordCamps \u00e0 Montr\u00e9al et les activit\u00e9s de la communaut\u00e9 WordPress de Montr\u00e9al. Rejoignez notre groupe <a href=\"http:\/\/meetup.com\/wp-mtl\">Meetup.com<\/a> pour recevoir les invitations \u00e0 nos meetups mensuels.<\/p>\n<p>Rejoignez notre <a href=\"https:\/\/www.facebook.com\/groups\/wpmtl\/\">groupe Facebook<\/a> ou suivez-nous sur <a href=\"http:\/\/twitter.com\/wordcampmtl\">Twitter<\/a> pour obtenir les derni\u00e8res nouvelles sur les \u00e9v\u00e9nements WordCamp \u00e0 venir,<\/p>\n<p>Si vous avez des questions ou commentaires, n\u2019h\u00e9sitez pas \u00e0\u00a0<a title=\"Contact\" href=\"http:\/\/2019-fr.montreal.wordcamp.org\/contact\/\" rel=\"nofollow\">nous joindre<\/a>.<\/p>\n<p>Merci \u00e0 <a href=\"http:\/\/jerclarke.org\" target=\"_blank\" rel=\"noopener noreferrer\">Jer Clark<\/a> pour les photos et \u00e0 <a href=\"https:\/\/designisyummy.com\">Design Is Yummy<\/a> pour le logo cette ann\u00e9e.<\/p>\n","protected":false},"excerpt":{"rendered":"<p>WordCamp Montr\u00e9al est une conf\u00e9rence sur WordPress, la plateforme de blogue et le syst\u00e8me de gestion de contenu le plus populaire au monde. Les WordCamps sont tenus \u00e0 travers le monde, partout o\u00f9 il y a suffisamment d\u2019utilisateurs pour les organiser. Le site WordCamp.org r\u00e9sume l\u2019\u00e9v\u00e8nement \u00e0 ceci: \u00ab\u00a0WordCamp, c\u2019est une conf\u00e9rence ax\u00e9e sur tout &hellip; <a href=\"https:\/\/montreal.wordcamp.org\/2019-fr\/a-propos\/\" class=\"more-link\">Continuer la lecture de <span class=\"screen-reader-text\">\u00c0 propos<\/span><\/a><\/p>\n","protected":false},"author":14231116,"featured_media":2364,"parent":0,"menu_order":0,"comment_status":"closed","ping_status":"closed","template":"","meta":{"jetpack_post_was_ever_published":false,"footnotes":""},"class_list":["post-156","page","type-page","status-publish","has-post-thumbnail","hentry"],"jetpack_sharing_enabled":true,"_links":{"self":[{"href":"https:\/\/montreal.wordcamp.org\/2019-fr\/wp-json\/wp\/v2\/pages\/156","targetHints":{"allow":["GET"]}}],"collection":[{"href":"https:\/\/montreal.wordcamp.org\/2019-fr\/wp-json\/wp\/v2\/pages"}],"about":[{"href":"https:\/\/montreal.wordcamp.org\/2019-fr\/wp-json\/wp\/v2\/types\/page"}],"author":[{"embeddable":true,"href":"https:\/\/montreal.wordcamp.org\/2019-fr\/wp-json\/wp\/v2\/users\/14231116"}],"replies":[{"embeddable":true,"href":"https:\/\/montreal.wordcamp.org\/2019-fr\/wp-json\/wp\/v2\/comments?post=156"}],"version-history":[{"count":4,"href":"https:\/\/montreal.wordcamp.org\/2019-fr\/wp-json\/wp\/v2\/pages\/156\/revisions"}],"predecessor-version":[{"id":2446,"href":"https:\/\/montreal.wordcamp.org\/2019-fr\/wp-json\/wp\/v2\/pages\/156\/revisions\/2446"}],"wp:featuredmedia":[{"embeddable":true,"href":"https:\/\/montreal.wordcamp.org\/2019-fr\/wp-json\/wp\/v2\/media\/2364"}],"wp:attachment":[{"href":"https:\/\/montreal.wordcamp.org\/2019-fr\/wp-json\/wp\/v2\/media?parent=156"}],"curies":[{"name":"wp","href":"https:\/\/api.w.org\/{rel}","templated":true}]}}