{"id":161,"date":"2017-04-26T14:12:08","date_gmt":"2017-04-26T18:12:08","guid":{"rendered":"https:\/\/2017-fr.montreal.wordcamp.org\/?page_id=79"},"modified":"2019-06-08T20:18:12","modified_gmt":"2019-06-08T20:18:12","slug":"devenez-conferencier","status":"publish","type":"page","link":"https:\/\/montreal.wordcamp.org\/2019-fr\/conferenciers-eres\/devenez-conferencier\/","title":{"rendered":"Devenez conf\u00e9renci\u00e8re\/er"},"content":{"rendered":"<p>Chaque ann\u00e9e,\u00a0WordCamp\u00a0Montr\u00e9al\u00a0s\u2019efforce\u00a0d\u2019offrir\u00a0un large \u00e9ventail de\u00a0conf\u00e9rences et de discussions\u00a0sur\u00a0WordPress.\u00a0Nous recherchons des\u00a0personnes\u00a0qui\u00a0sont passionn\u00e9es par\u00a0WordPress\u00a0afin de divertir\u00a0nos\u00a0visiteurs\u00a0et\u00a0leur apprendre\u00a0de nouvelles choses.<\/p>\n<p><strong><em>La date limite est pass\u00e9e, merci pour vos soumissions! Restez \u00e0 l&rsquo;aff\u00fbt pour l&rsquo;annonce de notre programmation.\u00a0<\/em><\/strong><\/p>\n<h3>Pourquoi pr\u00e9senter?<\/h3>\n<p>Pr\u00e9senter\u00a0\u00e0\u00a0WordCamp\u00a0requiert un certain effort, mais\u00a0c\u2019est extr\u00eamement gratifiant.\u00a0\u00c7a vous permet de partager votre passion,\u00a0de vous\u00a0faire conna\u00eetre aupr\u00e8s des\u00a0entreprises et d\u2019aider les gens \u00e0 approfondir leurs connaissances sur WordPress. Tout \u00e7a en m\u00eame temps!\u00a0Les conf\u00e9renciers\u00a0re\u00e7oivent \u00e9galement un acc\u00e8s gratuit \u00e0 WordCamp.<\/p>\n<h3>Ce\u00a0que nous recherchons<\/h3>\n<h4>Conf\u00e9rences<\/h4>\n<p>Le\u00a0conf\u00e9rencier\u00a0id\u00e9al\u00a0a\u00a0un sujet reli\u00e9 \u00e0 WordPress\u00a0qui le\u00a0passionne vraiment\u00a0et sur lequel\u00a0il\u00a0peut pr\u00e9senter\u00a0pendant 10 ou\u00a045 minutes avec des diapositives\u00a0attrayantes\u00a0et\u00a0des explications coh\u00e9rentes et d\u00e9taill\u00e9es.\u00a0Les concepteurs,\u00a0blogueurs,\u00a0entreprises\u00a0et programmeurs sont tous bienvenus!\u00a0Les pr\u00e9sentations\u00a0peuvent\u00a0\u00eatre\u00a0en\u00a0anglais\u00a0ou en fran\u00e7ais.\u00a0Votre\u00a0sujet doit \u00eatre\u00a0reli\u00e9 \u00e0\u00a0WordPress.<\/p>\n<p>Montrez-nous\u00a0ce que vous\u00a0avez\u00a0fait\u00a0avec\u00a0WordPress\u00a0et\u00a0expliquer nous\u00a0<em>comment<\/em> vous l\u2019avez fait,\u00a0ou\u00a0ce que\u00a0vous avez appris\u00a0dans le\u00a0processus.\u00a0Donnez-nous\u00a0des exemples concrets comme\u00a0des extraits\u00a0de code,\u00a010\u00a0le\u00e7ons\u00a0importantes\u00a0que vous avez apprises,\u00a0des conseils\u00a0sur la fa\u00e7on\u00a0d\u2019\u00e9viter\u00a0les probl\u00e8mes,\u00a0etc.\u00a0Rien n\u2019est\u00a0trop\u00a0compliqu\u00e9 ou trop simple.\u00a0Nous\u00a0recherchons une grande vari\u00e9t\u00e9 de pr\u00e9sentations.<\/p>\n<p>Nous nous r\u00e9servons\u00a0le droit de\u00a0refuser\u00a0toute candidature.<\/p>\n<h4>Sessions \u00ab\u00a0unconference\u00a0\u00bb<\/h4>\n<p>Vous avez une id\u00e9e pour une activit\u00e9 reli\u00e9e \u00e0\u00a0WordPress\u00a0qui n\u2019entre pas dans une des cat\u00e9gories pr\u00e9c\u00e9dentes? Les sessions style \u00ab\u00a0unconference\u00a0\u00bb devraient durer 45 ou 90 minutes. Les sessions\u00a0peuvent\u00a0\u00eatre\u00a0en\u00a0anglais\u00a0ou en fran\u00e7ais.<\/p>\n<h4>Pr\u00e9sentations \u00e9clairs<\/h4>\n<p>Nous cherchons aussi des soumissions pour des pr\u00e9sentations de 10 minutes. Ce format est parfait pour de courtes d\u00e9mos, des astuces, et des histoires inspirantes.<\/p>\n<h3>Sujets g\u00e9n\u00e9raux<\/h3>\n<p>Les\u00a0sujets que nous\u00a0esp\u00e9rons\u00a0toucher incluent notamment:<\/p>\n<ul>\n<li>Utilisation de WordPress\u00a0pour bloguer\u00a0et\u00a0\u00e9crire<\/li>\n<li>Utilisation de WordPress\u00a0pour concevoir\u00a0et\u00a0construire des sites web<\/li>\n<li>Guides\u00a0sur\u00a0les technologies\u00a0sous-jacentes\u00a0web\u00a0(HTML, CSS, PHP, JavaScript)\u00a0qui sont n\u00e9cessaires\u00a0au d\u00e9veloppement sur WordPress<\/li>\n<li>D\u00e9veloppement d\u2019extensions \u00e0 WordPress, contribution\u00a0au code de base\u00a0et administration de syst\u00e8mes<\/li>\n<\/ul>\n<p>Consulter\u00a0<a href=\"https:\/\/2018-fr.montreal.wordcamp.org\/programme\/\" target=\"_blank\" rel=\"noopener noreferrer\">l\u2019horaire de l\u2019ann\u00e9e pr\u00e9c\u00e9dente<\/a> pour des exemples<\/p>\n<h3>Id\u00e9es de sujets<\/h3>\n<p>Voici une liste de sujets que nous aimerions voir au WordCamp. Ce ne sont que des exemples!<\/p>\n<h4>Usager\/Blogueur<\/h4>\n<ul>\n<li>Trouver\u00a0les extensions et\/ou th\u00e8mes parfaits<\/li>\n<li>HTML pour blogueurs<\/li>\n<li>Utilisation des th\u00e8mes enfant (\u00ab\u00a0child themes\u00a0\u00bb)<\/li>\n<li>\u00c9tudes\u00a0de cas<\/li>\n<li>Gestion d&rsquo;un site &laquo;membership&raquo;<\/li>\n<li>Utilisation de Gutenberg<\/li>\n<\/ul>\n<h4>Concepteur\/Programmeur<\/h4>\n<ul>\n<li>Cr\u00e9ation de sites bilingues pour WordPress<\/li>\n<li>Conseils pour la conception de sites WordPress<\/li>\n<li>Trucs CSS pour WordPress<\/li>\n<li>\u00c9dition de th\u00e8mes et utilisation de tags de templates.<\/li>\n<li>Creation d\u2019extensions (introduction ou en d\u00e9tail)<\/li>\n<li>Publication et\/ou vente de th\u00e8mes<\/li>\n<li>Les implications de la licence GPL ou de Logiciel Libre\u00a0pour les th\u00e8mes et plugins WordPress<\/li>\n<li>Introduction \u00e0 Apache et \u00e0 l\u2019optimisation MySQL<\/li>\n<li>Gestion des tests<\/li>\n<li>Programmer avec\/pour Gutenberg<\/li>\n<\/ul>\n<h4>Marketing<\/h4>\n<ul>\n<li>\u00c9crire pour le web<\/li>\n<li>Attirer\u00a0des lecteurs<\/li>\n<li>Publicit\u00e9 en ligne<\/li>\n<li>R\u00e9seaux sociaux<\/li>\n<li>Promouvoir son commerce en ligne<\/li>\n<\/ul>\n<h4>Autres<\/h4>\n<ul>\n<li>Design web<\/li>\n<li>SEO \/ SEM<\/li>\n<li>Branding<\/li>\n<li>S\u00e9curit\u00e9<\/li>\n<li>Sant\u00e9 mentale<\/li>\n<li>Cours en ligne<\/li>\n<li>GDPR<\/li>\n<li>Vie priv\u00e9e<\/li>\n<li>Conversion de leads<\/li>\n<\/ul>\n<p>&nbsp;<\/p>\n","protected":false},"excerpt":{"rendered":"<p>Chaque ann\u00e9e,\u00a0WordCamp\u00a0Montr\u00e9al\u00a0s\u2019efforce\u00a0d\u2019offrir\u00a0un large \u00e9ventail de\u00a0conf\u00e9rences et de discussions\u00a0sur\u00a0WordPress.\u00a0Nous recherchons des\u00a0personnes\u00a0qui\u00a0sont passionn\u00e9es par\u00a0WordPress\u00a0afin de divertir\u00a0nos\u00a0visiteurs\u00a0et\u00a0leur apprendre\u00a0de nouvelles choses. La date limite est pass\u00e9e, merci pour vos soumissions! Restez \u00e0 l&rsquo;aff\u00fbt pour l&rsquo;annonce de notre programmation.\u00a0 Pourquoi pr\u00e9senter? Pr\u00e9senter\u00a0\u00e0\u00a0WordCamp\u00a0requiert un certain effort, mais\u00a0c\u2019est extr\u00eamement gratifiant.\u00a0\u00c7a vous permet de partager votre passion,\u00a0de vous\u00a0faire conna\u00eetre aupr\u00e8s des\u00a0entreprises et d\u2019aider &hellip; <a href=\"https:\/\/montreal.wordcamp.org\/2019-fr\/conferenciers-eres\/devenez-conferencier\/\" class=\"more-link\">Continuer la lecture de <span class=\"screen-reader-text\">Devenez conf\u00e9renci\u00e8re\/er<\/span><\/a><\/p>\n","protected":false},"author":14231116,"featured_media":2406,"parent":144,"menu_order":0,"comment_status":"closed","ping_status":"closed","template":"","meta":{"jetpack_post_was_ever_published":false,"footnotes":""},"class_list":["post-161","page","type-page","status-publish","has-post-thumbnail","hentry"],"jetpack_sharing_enabled":true,"_links":{"self":[{"href":"https:\/\/montreal.wordcamp.org\/2019-fr\/wp-json\/wp\/v2\/pages\/161","targetHints":{"allow":["GET"]}}],"collection":[{"href":"https:\/\/montreal.wordcamp.org\/2019-fr\/wp-json\/wp\/v2\/pages"}],"about":[{"href":"https:\/\/montreal.wordcamp.org\/2019-fr\/wp-json\/wp\/v2\/types\/page"}],"author":[{"embeddable":true,"href":"https:\/\/montreal.wordcamp.org\/2019-fr\/wp-json\/wp\/v2\/users\/14231116"}],"replies":[{"embeddable":true,"href":"https:\/\/montreal.wordcamp.org\/2019-fr\/wp-json\/wp\/v2\/comments?post=161"}],"version-history":[{"count":10,"href":"https:\/\/montreal.wordcamp.org\/2019-fr\/wp-json\/wp\/v2\/pages\/161\/revisions"}],"predecessor-version":[{"id":2505,"href":"https:\/\/montreal.wordcamp.org\/2019-fr\/wp-json\/wp\/v2\/pages\/161\/revisions\/2505"}],"up":[{"embeddable":true,"href":"https:\/\/montreal.wordcamp.org\/2019-fr\/wp-json\/wp\/v2\/pages\/144"}],"wp:featuredmedia":[{"embeddable":true,"href":"https:\/\/montreal.wordcamp.org\/2019-fr\/wp-json\/wp\/v2\/media\/2406"}],"wp:attachment":[{"href":"https:\/\/montreal.wordcamp.org\/2019-fr\/wp-json\/wp\/v2\/media?parent=161"}],"curies":[{"name":"wp","href":"https:\/\/api.w.org\/{rel}","templated":true}]}}