{"id":3945,"date":"2019-08-01T14:57:14","date_gmt":"2019-08-01T14:57:14","guid":{"rendered":"https:\/\/2019.montreal.wordcamp.org\/?page_id=3945"},"modified":"2019-08-01T15:13:21","modified_gmt":"2019-08-01T15:13:21","slug":"afterparty","status":"publish","type":"page","link":"https:\/\/montreal.wordcamp.org\/2019\/afterparty\/","title":{"rendered":"Afterparty"},"content":{"rendered":"\n<p>Starts at 6.30pm.<\/p>\n\n\n\n<p>You will need to present your official WordCamp name badge to gain access. Hope to see you there! <\/p>\n\n\n\n<p>We will have some drink tickets and some snacks to distribute. We\u2019re very happy to announce that non-alcoholic drinks will be free all evening.<\/p>\n\n\n\n<p><a href=\"https:\/\/cafeosmo.org\">https:\/\/cafeosmo.org<\/a><\/p>\n\n\n\n<p>51 Sherbrooke Street West<\/p>\n\n\n\n<div data-map-provider=\"mapbox\" data-api-key=\"pk.eyJ1IjoiY2FybGFsZXhhbmRlciIsImEiOiJjanlzc3ZkajMwMTFqM2N2NHF1MGRpZGNuIn0.URO3xl7I7rrwkokNTvLUYA\" class=\"wp-block-jetpack-map\" data-map-style=\"default\" data-map-details=\"true\" data-points=\"[{&quot;placeTitle&quot;:&quot;Caf\u00e9 OSMO&quot;,&quot;title&quot;:&quot;Caf\u00e9 OSMO&quot;,&quot;caption&quot;:&quot;Caf\u00e9 OSMO, 51, rue Sherbrooke Ouest, Montr\u00e9al, Quebec H2X 1X3, Canada&quot;,&quot;id&quot;:&quot;poi.2104534049967&quot;,&quot;coordinates&quot;:{&quot;longitude&quot;:-73.570065,&quot;latitude&quot;:45.511909}}]\" data-zoom=\"15.960283917209496\" data-map-center=\"{&quot;longitude&quot;:-122.41941550000001,&quot;latitude&quot;:37.7749295}\" data-marker-color=\"red\"><ul><li><a href=\"https:\/\/www.google.com\/maps\/search\/?api=1&amp;query=45.511909,-73.570065\">Caf\u00e9 OSMO<\/a><\/li><\/ul><\/div>\n","protected":false},"excerpt":{"rendered":"<p>Starts at 6.30pm. You will need to present your official WordCamp name badge to gain access. Hope to see you there! We will have some drink tickets and some snacks to distribute. We\u2019re very happy to announce that non-alcoholic drinks will be free all evening. https:\/\/cafeosmo.org 51 Sherbrooke Street West<\/p>\n","protected":false},"author":7673567,"featured_media":0,"parent":0,"menu_order":0,"comment_status":"closed","ping_status":"closed","template":"","meta":{"jetpack_post_was_ever_published":false,"footnotes":""},"class_list":["post-3945","page","type-page","status-publish","hentry"],"jetpack_sharing_enabled":true,"jetpack_shortlink":"https:\/\/wp.me\/PaIveb-11D","_links":{"self":[{"href":"https:\/\/montreal.wordcamp.org\/2019\/wp-json\/wp\/v2\/pages\/3945","targetHints":{"allow":["GET"]}}],"collection":[{"href":"https:\/\/montreal.wordcamp.org\/2019\/wp-json\/wp\/v2\/pages"}],"about":[{"href":"https:\/\/montreal.wordcamp.org\/2019\/wp-json\/wp\/v2\/types\/page"}],"author":[{"embeddable":true,"href":"https:\/\/montreal.wordcamp.org\/2019\/wp-json\/wp\/v2\/users\/7673567"}],"replies":[{"embeddable":true,"href":"https:\/\/montreal.wordcamp.org\/2019\/wp-json\/wp\/v2\/comments?post=3945"}],"version-history":[{"count":3,"href":"https:\/\/montreal.wordcamp.org\/2019\/wp-json\/wp\/v2\/pages\/3945\/revisions"}],"predecessor-version":[{"id":3949,"href":"https:\/\/montreal.wordcamp.org\/2019\/wp-json\/wp\/v2\/pages\/3945\/revisions\/3949"}],"wp:attachment":[{"href":"https:\/\/montreal.wordcamp.org\/2019\/wp-json\/wp\/v2\/media?parent=3945"}],"curies":[{"name":"wp","href":"https:\/\/api.w.org\/{rel}","templated":true}]}}