{"id":10,"date":"2023-05-23T06:10:02","date_gmt":"2023-05-23T10:10:02","guid":{"rendered":"https:\/\/montreal.wordcamp.org\/2023\/sponsors\/"},"modified":"2023-10-25T17:17:08","modified_gmt":"2023-10-25T21:17:08","slug":"sponsors","status":"publish","type":"page","link":"https:\/\/montreal.wordcamp.org\/2023\/en\/sponsors\/","title":{"rendered":"Sponsors"},"content":{"rendered":"\n<div class=\"wp-block-query is-layout-flow wp-block-query-is-layout-flow\"><ul class=\"wp-block-post-template is-layout-flow wp-container-core-post-template-is-layout-5291b468 wp-block-post-template-is-layout-flow\"><li class=\"wp-block-post post-28 wcb_sponsor type-wcb_sponsor status-publish has-post-thumbnail hentry\">\n<figure class=\"wp-block-post-featured-image\"><a href=\"https:\/\/montreal.wordcamp.org\/2023\/sponsor\/bluehost\/\" target=\"_self\"  ><img loading=\"lazy\" decoding=\"async\" width=\"651\" height=\"137\" src=\"https:\/\/montreal.wordcamp.org\/2023\/files\/2023\/05\/bh_logo_2015.png\" class=\"attachment-post-thumbnail size-post-thumbnail wp-post-image\" alt=\"Bluehost\" style=\"object-fit:cover;\" srcset=\"https:\/\/montreal.wordcamp.org\/2023\/files\/2023\/05\/bh_logo_2015.png 651w, https:\/\/montreal.wordcamp.org\/2023\/files\/2023\/05\/bh_logo_2015-300x63.png 300w, https:\/\/montreal.wordcamp.org\/2023\/files\/2023\/05\/bh_logo_2015-500x105.png 500w\" sizes=\"auto, (max-width: 651px) 100vw, 651px\" \/><\/a><\/figure>\n\n<h2 class=\"wp-block-post-title\"><a href=\"https:\/\/montreal.wordcamp.org\/2023\/sponsor\/bluehost\/\" target=\"_self\" >Bluehost<\/a><\/h2>\n\n<div class=\"wp-block-post-excerpt\"><p class=\"wp-block-post-excerpt__excerpt\">Bluehost has been a WordPress partner since 2005, and powers over 2 million websites across the world with reliable hosting and personalized guidance. By leveraging the power of WordPress, Bluehost provides the fast website creation methods coupled with intuitive management tools. From secure automated WordPress installations to advanced marketing tools and services, and access to&hellip; <\/p><\/div>\n<\/li><li class=\"wp-block-post post-26 wcb_sponsor type-wcb_sponsor status-publish has-post-thumbnail hentry\">\n<figure class=\"wp-block-post-featured-image\"><a href=\"https:\/\/montreal.wordcamp.org\/2023\/sponsor\/godaddy\/\" target=\"_self\"  ><img loading=\"lazy\" decoding=\"async\" width=\"480\" height=\"198\" src=\"https:\/\/montreal.wordcamp.org\/2023\/files\/2023\/05\/Copy-of-gd-logo-480x360-1-480x198.png\" class=\"attachment-post-thumbnail size-post-thumbnail wp-post-image\" alt=\"GoDaddy\" style=\"object-fit:cover;\" \/><\/a><\/figure>\n\n<h2 class=\"wp-block-post-title\"><a href=\"https:\/\/montreal.wordcamp.org\/2023\/sponsor\/godaddy\/\" target=\"_self\" >GoDaddy<\/a><\/h2>\n\n<div class=\"wp-block-post-excerpt\"><p class=\"wp-block-post-excerpt__excerpt\">At&nbsp;GoDaddy, our&nbsp;mission&nbsp;is&nbsp;to empower&nbsp;a&nbsp;worldwide community of&nbsp;entrepreneurs&nbsp;by giving them all the help and tools they need to grow online&nbsp;\u2014 including a simpler, safer WordPress experience.&nbsp; We champion&nbsp;our&nbsp;Makers of the Web&nbsp;by delivering&nbsp;a suite of WordPress solutions that enable fast and easy setup and then&nbsp;enables users&nbsp;to&nbsp;harness all the power of the world\u2019s most popular CMS.&nbsp; The GoDaddy Pro Community&hellip; <\/p><\/div>\n<\/li><li class=\"wp-block-post post-24 wcb_sponsor type-wcb_sponsor status-publish has-post-thumbnail hentry\">\n<figure class=\"wp-block-post-featured-image\"><a href=\"https:\/\/montreal.wordcamp.org\/2023\/sponsor\/automattic\/\" target=\"_self\"  ><img loading=\"lazy\" decoding=\"async\" width=\"1223\" height=\"332\" src=\"https:\/\/montreal.wordcamp.org\/2023\/files\/2023\/05\/jetpacklogo.png\" class=\"attachment-post-thumbnail size-post-thumbnail wp-post-image\" alt=\"Jetpack\" style=\"object-fit:cover;\" srcset=\"https:\/\/montreal.wordcamp.org\/2023\/files\/2023\/05\/jetpacklogo.png 1223w, https:\/\/montreal.wordcamp.org\/2023\/files\/2023\/05\/jetpacklogo-300x81.png 300w, https:\/\/montreal.wordcamp.org\/2023\/files\/2023\/05\/jetpacklogo-1024x278.png 1024w, https:\/\/montreal.wordcamp.org\/2023\/files\/2023\/05\/jetpacklogo-768x208.png 768w, https:\/\/montreal.wordcamp.org\/2023\/files\/2023\/05\/jetpacklogo-500x136.png 500w\" sizes=\"auto, (max-width: 1223px) 100vw, 1223px\" \/><\/a><\/figure>\n\n<h2 class=\"wp-block-post-title\"><a href=\"https:\/\/montreal.wordcamp.org\/2023\/sponsor\/automattic\/\" target=\"_self\" >Jetpack<\/a><\/h2>\n\n<div class=\"wp-block-post-excerpt\"><p class=\"wp-block-post-excerpt__excerpt\">Safer, faster WordPress. Jetpack is a powerful collection of security and performance tools made for WordPress sites by the WordPress experts. Proven security tools keep your site backed up, online, and hack-free. Fast-loading pages mean happier visitors. Everything in a single package \u2014 so you can focus on your business. Learn how Jetpack helps you&hellip; <\/p><\/div>\n<\/li><li class=\"wp-block-post post-1571 wcb_sponsor type-wcb_sponsor status-publish hentry\">\n\n\n<h2 class=\"wp-block-post-title\"><a href=\"https:\/\/montreal.wordcamp.org\/2023\/sponsor\/johnson-nicolas\/\" target=\"_self\" >Johnson Nicolas<\/a><\/h2>\n\n<div class=\"wp-block-post-excerpt\"><p class=\"wp-block-post-excerpt__excerpt\">En 2015, j\u2019ai d\u00e9but\u00e9 ma carri\u00e8re en tant qu\u2019int\u00e9grateur web pour une compagnie avec laquelle j\u2019ai fais beaucoup de WordPress. Par la suite, j\u2019ai eu beaucoup de contrats personnels en WordPress. En 2019, j\u2019ai travaill\u00e9 pour une agence sp\u00e9cialis\u00e9e en entretien de sites WordPress o\u00f9 j\u2019ai appris beaucoup. En 2021, j\u2019ai lanc\u00e9 mon agence web&hellip; <\/p><\/div>\n<\/li><li class=\"wp-block-post post-1369 wcb_sponsor type-wcb_sponsor status-publish has-post-thumbnail hentry\">\n<figure class=\"wp-block-post-featured-image\"><a href=\"https:\/\/montreal.wordcamp.org\/2023\/sponsor\/plank\/\" target=\"_self\"  ><img loading=\"lazy\" decoding=\"async\" width=\"1951\" height=\"671\" src=\"https:\/\/montreal.wordcamp.org\/2023\/files\/2023\/10\/plank-logo-2023.jpg\" class=\"attachment-post-thumbnail size-post-thumbnail wp-post-image\" alt=\"Plank\" style=\"object-fit:cover;\" srcset=\"https:\/\/montreal.wordcamp.org\/2023\/files\/2023\/10\/plank-logo-2023.jpg 1951w, https:\/\/montreal.wordcamp.org\/2023\/files\/2023\/10\/plank-logo-2023-300x103.jpg 300w, https:\/\/montreal.wordcamp.org\/2023\/files\/2023\/10\/plank-logo-2023-1024x352.jpg 1024w, https:\/\/montreal.wordcamp.org\/2023\/files\/2023\/10\/plank-logo-2023-768x264.jpg 768w, https:\/\/montreal.wordcamp.org\/2023\/files\/2023\/10\/plank-logo-2023-500x172.jpg 500w, https:\/\/montreal.wordcamp.org\/2023\/files\/2023\/10\/plank-logo-2023-1536x528.jpg 1536w\" sizes=\"auto, (max-width: 1951px) 100vw, 1951px\" \/><\/a><\/figure>\n\n<h2 class=\"wp-block-post-title\"><a href=\"https:\/\/montreal.wordcamp.org\/2023\/sponsor\/plank\/\" target=\"_self\" >Plank<\/a><\/h2>\n\n<div class=\"wp-block-post-excerpt\"><p class=\"wp-block-post-excerpt__excerpt\">Plank is proud to support WordCamp Montreal this year, the first local WordCamp event since 2018. While our team has attended WordCamp Montreal since the early 2010s and has sponsored it back in 2013, we felt that after the hiatus surrounding the pandemic years, it was important for us to reinvest in supporting and reinvigorating&hellip; <\/p><\/div>\n<\/li><li class=\"wp-block-post post-22 wcb_sponsor type-wcb_sponsor status-publish has-post-thumbnail hentry\">\n<figure class=\"wp-block-post-featured-image\"><a href=\"https:\/\/montreal.wordcamp.org\/2023\/sponsor\/siteground\/\" target=\"_self\"  ><img loading=\"lazy\" decoding=\"async\" width=\"400\" height=\"81\" src=\"https:\/\/montreal.wordcamp.org\/2023\/files\/2023\/05\/siteground-logo-black-transparent-400x81-2.png\" class=\"attachment-post-thumbnail size-post-thumbnail wp-post-image\" alt=\"SiteGround\" style=\"object-fit:cover;\" srcset=\"https:\/\/montreal.wordcamp.org\/2023\/files\/2023\/05\/siteground-logo-black-transparent-400x81-2.png 400w, https:\/\/montreal.wordcamp.org\/2023\/files\/2023\/05\/siteground-logo-black-transparent-400x81-2-300x61.png 300w\" sizes=\"auto, (max-width: 400px) 100vw, 400px\" \/><\/a><\/figure>\n\n<h2 class=\"wp-block-post-title\"><a href=\"https:\/\/montreal.wordcamp.org\/2023\/sponsor\/siteground\/\" target=\"_self\" >SiteGround<\/a><\/h2>\n\n<div class=\"wp-block-post-excerpt\"><p class=\"wp-block-post-excerpt__excerpt\">SiteGround&lsquo;s hosting services are crafted to make managing websites easy, whether you&rsquo;re building a site for yourself, your small business, or your clients. We host over 2.8 Million domain names on a powerful Google Cloud Platform infrastructure, optimized with an array of in-house tools for seamless, faster and more secure WordPress performance: Our long-term expertise&hellip; <\/p><\/div>\n<\/li><li class=\"wp-block-post post-1574 wcb_sponsor type-wcb_sponsor status-publish has-post-thumbnail hentry\">\n<figure class=\"wp-block-post-featured-image\"><a href=\"https:\/\/montreal.wordcamp.org\/2023\/sponsor\/stephanie-ohanley\/\" target=\"_self\"  ><img loading=\"lazy\" decoding=\"async\" width=\"650\" height=\"325\" src=\"https:\/\/montreal.wordcamp.org\/2023\/files\/2023\/10\/stephanie-ohanley.png\" class=\"attachment-post-thumbnail size-post-thumbnail wp-post-image\" alt=\"Stephanie O&rsquo;Hanley\" style=\"object-fit:cover;\" srcset=\"https:\/\/montreal.wordcamp.org\/2023\/files\/2023\/10\/stephanie-ohanley.png 650w, https:\/\/montreal.wordcamp.org\/2023\/files\/2023\/10\/stephanie-ohanley-300x150.png 300w, https:\/\/montreal.wordcamp.org\/2023\/files\/2023\/10\/stephanie-ohanley-500x250.png 500w\" sizes=\"auto, (max-width: 650px) 100vw, 650px\" \/><\/a><\/figure>\n\n<h2 class=\"wp-block-post-title\"><a href=\"https:\/\/montreal.wordcamp.org\/2023\/sponsor\/stephanie-ohanley\/\" target=\"_self\" >Stephanie O&rsquo;Hanley<\/a><\/h2>\n\n<div class=\"wp-block-post-excerpt\"><p class=\"wp-block-post-excerpt__excerpt\">Hi, I&rsquo;m\u00a0Stephanie O&rsquo;Hanley, a WordPress virtual assistant and web developer. I build affordable, beautiful, and responsive websites for individuals, nonprofits and small businesses. I help busy people add new features to existing websites and update content (text and images). I also maintain sites to keep them up to date and secure. As a journalist-turned-web developer,&hellip; <\/p><\/div>\n<\/li><li class=\"wp-block-post post-30 wcb_sponsor type-wcb_sponsor status-publish has-post-thumbnail hentry\">\n<figure class=\"wp-block-post-featured-image\"><a href=\"https:\/\/montreal.wordcamp.org\/2023\/sponsor\/weglot\/\" target=\"_self\"  ><img loading=\"lazy\" decoding=\"async\" width=\"940\" height=\"198\" src=\"https:\/\/montreal.wordcamp.org\/2023\/files\/2023\/05\/Weglot-CPT-logo-940x198.png\" class=\"attachment-post-thumbnail size-post-thumbnail wp-post-image\" alt=\"Weglot\" style=\"object-fit:cover;\" \/><\/a><\/figure>\n\n<h2 class=\"wp-block-post-title\"><a href=\"https:\/\/montreal.wordcamp.org\/2023\/sponsor\/weglot\/\" target=\"_self\" >Weglot<\/a><\/h2>\n\n<div class=\"wp-block-post-excerpt\"><p class=\"wp-block-post-excerpt__excerpt\">Weglot is a WordPress multilingual plugin to translate and display your website in multiple languages. It provides a fast first layer of automated translation which you can easily edit yourself or by adding teammates, or collaborate with pro-translators through the Weglot dashboard. Trusted by more than 60,000 website owners and developers and with a 5-star&hellip; <\/p><\/div>\n<\/li><li class=\"wp-block-post post-32 wcb_sponsor type-wcb_sponsor status-publish has-post-thumbnail hentry\">\n<figure class=\"wp-block-post-featured-image\"><a href=\"https:\/\/montreal.wordcamp.org\/2023\/sponsor\/woocommerce\/\" target=\"_self\"  ><img loading=\"lazy\" decoding=\"async\" width=\"940\" height=\"198\" src=\"https:\/\/montreal.wordcamp.org\/2023\/files\/2023\/05\/Copy-of-woocommerce-logo-color-black@2x-2-940x198.png\" class=\"attachment-post-thumbnail size-post-thumbnail wp-post-image\" alt=\"WooCommerce\" style=\"object-fit:cover;\" \/><\/a><\/figure>\n\n<h2 class=\"wp-block-post-title\"><a href=\"https:\/\/montreal.wordcamp.org\/2023\/sponsor\/woocommerce\/\" target=\"_self\" >WooCommerce<\/a><\/h2>\n\n<div class=\"wp-block-post-excerpt\"><p class=\"wp-block-post-excerpt__excerpt\">WooCommerce is the most customizable eCommerce platform to build exactly the store you want. From physical products to digital downloads, services, and subscriptions, sell worldwide with the freedom of WordPress. WooCommerce is developed and supported by a distributed team at Automattic, creators of Jetpack and WordPress.com. For more go to WooCommerce.com. <\/p><\/div>\n<\/li><\/ul>\n\n<\/div>\n","protected":false},"excerpt":{"rendered":"","protected":false},"author":17134721,"featured_media":0,"parent":269,"menu_order":0,"comment_status":"closed","ping_status":"closed","template":"wp-custom-template-generic-english-template","meta":{"advanced_seo_description":"","jetpack_seo_html_title":"","jetpack_seo_noindex":false,"jetpack_post_was_ever_published":false,"footnotes":""},"class_list":["post-10","page","type-page","status-publish","hentry"],"jetpack_sharing_enabled":true,"_links":{"self":[{"href":"https:\/\/montreal.wordcamp.org\/2023\/wp-json\/wp\/v2\/pages\/10","targetHints":{"allow":["GET"]}}],"collection":[{"href":"https:\/\/montreal.wordcamp.org\/2023\/wp-json\/wp\/v2\/pages"}],"about":[{"href":"https:\/\/montreal.wordcamp.org\/2023\/wp-json\/wp\/v2\/types\/page"}],"author":[{"embeddable":true,"href":"https:\/\/montreal.wordcamp.org\/2023\/wp-json\/wp\/v2\/users\/17134721"}],"replies":[{"embeddable":true,"href":"https:\/\/montreal.wordcamp.org\/2023\/wp-json\/wp\/v2\/comments?post=10"}],"version-history":[{"count":22,"href":"https:\/\/montreal.wordcamp.org\/2023\/wp-json\/wp\/v2\/pages\/10\/revisions"}],"predecessor-version":[{"id":1566,"href":"https:\/\/montreal.wordcamp.org\/2023\/wp-json\/wp\/v2\/pages\/10\/revisions\/1566"}],"up":[{"embeddable":true,"href":"https:\/\/montreal.wordcamp.org\/2023\/wp-json\/wp\/v2\/pages\/269"}],"wp:attachment":[{"href":"https:\/\/montreal.wordcamp.org\/2023\/wp-json\/wp\/v2\/media?parent=10"}],"curies":[{"name":"wp","href":"https:\/\/api.w.org\/{rel}","templated":true}]}}