{"id":492,"date":"2023-06-24T16:25:09","date_gmt":"2023-06-24T20:25:09","guid":{"rendered":"https:\/\/montreal.wordcamp.org\/2023\/?page_id=492"},"modified":"2023-09-09T01:17:45","modified_gmt":"2023-09-09T05:17:45","slug":"conferenciers-eres","status":"publish","type":"page","link":"https:\/\/montreal.wordcamp.org\/2023\/fr\/conferenciers-eres\/","title":{"rendered":"Conf\u00e9renciers\/\u00e8res"},"content":{"rendered":"<ul class=\"wordcamp-block wordcamp-post-list has-layout-list wordcamp-speakers\"><li class=\"wordcamp-post-list__post wordcamp-clearfix\">\n<div class=\"wordcamp-speaker wordcamp-speakers__post slug-adam-mclaughlin\">\n\t<h3 class=\"wordcamp-block__item-title wordcamp-speakers__title\"><a href=\"https:\/\/montreal.wordcamp.org\/2023\/speaker\/adam-mclaughlin\/\">Adam McLaughlin<\/a><\/h3>\n\t\t\t<div class=\"wordcamp-image__avatar-container align-left\">\n\t\t\t<a href=\"https:\/\/montreal.wordcamp.org\/2023\/speaker\/adam-mclaughlin\/\" class=\"wordcamp-image__avatar-link\">\n\t\t\t\t<img loading=\"lazy\" decoding=\"async\" width=\"150\" height=\"150\" src=\"https:\/\/montreal.wordcamp.org\/2023\/files\/2023\/09\/adam-150x150.jpeg\" class=\"attachment-150x150 size-150x150 wp-post-image\" alt=\"Avatar de Adam McLaughlin\" srcset=\"https:\/\/montreal.wordcamp.org\/2023\/files\/2023\/09\/adam-150x150.jpeg 150w, https:\/\/montreal.wordcamp.org\/2023\/files\/2023\/09\/adam-300x300.jpeg 300w, https:\/\/montreal.wordcamp.org\/2023\/files\/2023\/09\/adam.jpeg 480w\" sizes=\"auto, (max-width: 150px) 100vw, 150px\" \/>\t\t\t<\/a>\n\t\t<\/div>\n\t\n\t\t\t<div class=\"wordcamp-block__item-content wordcamp-speakers__content is-excerpt\"><p>Adam started designing with WordPress in 2011 and quickly tired of the roller coaster revenue of custom design. In 2019, he shifted his business model to websites as a service. He has been using WordPress to build monthly recurring revenue (and mentoring other designers to do the same) ever since.<\/p>\n<\/div>\t\n\t<\/div>\n\n<\/li><li class=\"wordcamp-post-list__post wordcamp-clearfix\">\n<div class=\"wordcamp-speaker wordcamp-speakers__post slug-adrian-tobey\">\n\t<h3 class=\"wordcamp-block__item-title wordcamp-speakers__title\"><a href=\"https:\/\/montreal.wordcamp.org\/2023\/speaker\/adrian-tobey\/\">Adrian Tobey<\/a><\/h3>\n\t\t\t<div class=\"wordcamp-image__avatar-container align-left\">\n\t\t\t<a href=\"https:\/\/montreal.wordcamp.org\/2023\/speaker\/adrian-tobey\/\" class=\"wordcamp-image__avatar-link\">\n\t\t\t\t<img loading=\"lazy\" decoding=\"async\" width=\"150\" height=\"150\" src=\"https:\/\/montreal.wordcamp.org\/2023\/files\/2023\/09\/adrian-tobey-150x150.jpg\" class=\"attachment-150x150 size-150x150 wp-post-image\" alt=\"Avatar de Adrian Tobey\" srcset=\"https:\/\/montreal.wordcamp.org\/2023\/files\/2023\/09\/adrian-tobey-150x150.jpg 150w, https:\/\/montreal.wordcamp.org\/2023\/files\/2023\/09\/adrian-tobey-300x300.jpg 300w, https:\/\/montreal.wordcamp.org\/2023\/files\/2023\/09\/adrian-tobey.jpg 600w\" sizes=\"auto, (max-width: 150px) 100vw, 150px\" \/>\t\t\t<\/a>\n\t\t<\/div>\n\t\n\t\t\t<div class=\"wordcamp-block__item-content wordcamp-speakers__content is-excerpt\"><p>Adrian Tobey is a software developer with a remarkable dedication to innovation and a strong desire to make a meaningful impact on businesses worldwide. His journey is grounded in a sincere commitment to helping businesses thrive in the digital age. With a technical skill set that rivals the best, Adrian&#039;s journey began with a simple &hellip; <\/p>\n<\/div>\t\n\t<\/div>\n\n<\/li><li class=\"wordcamp-post-list__post wordcamp-clearfix\">\n<div class=\"wordcamp-speaker wordcamp-speakers__post slug-amyjune-hineline\">\n\t<h3 class=\"wordcamp-block__item-title wordcamp-speakers__title\"><a href=\"https:\/\/montreal.wordcamp.org\/2023\/speaker\/amyjune-hineline\/\">AmyJune Hineline<\/a><\/h3>\n\t\t\t<div class=\"wordcamp-image__avatar-container align-left\">\n\t\t\t<a href=\"https:\/\/montreal.wordcamp.org\/2023\/speaker\/amyjune-hineline\/\" class=\"wordcamp-image__avatar-link\">\n\t\t\t\t<img loading=\"lazy\" decoding=\"async\" width=\"150\" height=\"150\" src=\"https:\/\/montreal.wordcamp.org\/2023\/files\/2023\/09\/wordcamp-montreal-amyjune-150x150.jpg\" class=\"attachment-150x150 size-150x150 wp-post-image\" alt=\"Avatar de AmyJune Hineline\" srcset=\"https:\/\/montreal.wordcamp.org\/2023\/files\/2023\/09\/wordcamp-montreal-amyjune-150x150.jpg 150w, https:\/\/montreal.wordcamp.org\/2023\/files\/2023\/09\/wordcamp-montreal-amyjune-300x300.jpg 300w, https:\/\/montreal.wordcamp.org\/2023\/files\/2023\/09\/wordcamp-montreal-amyjune.jpg 600w\" sizes=\"auto, (max-width: 150px) 100vw, 150px\" \/>\t\t\t<\/a>\n\t\t<\/div>\n\t\n\t\t\t<div class=\"wordcamp-block__item-content wordcamp-speakers__content is-excerpt\"><p>AmyJune Hineline\u2019s role as the Certificate Community Architect at the Linux Foundation stands as a testament to her profound impact on the tech realm. In this capacity, she is pivotal in supporting the Certification team\u2019s initiatives in constructing and maintaining exams and their accompanying documentation within the Linux Foundation\u2019s certification portfolio.<\/p>\n<\/div>\t\n\t<\/div>\n\n<\/li><li class=\"wordcamp-post-list__post wordcamp-clearfix\">\n<div class=\"wordcamp-speaker wordcamp-speakers__post slug-christina-garofalo\">\n\t<h3 class=\"wordcamp-block__item-title wordcamp-speakers__title\"><a href=\"https:\/\/montreal.wordcamp.org\/2023\/speaker\/christina-garofalo\/\">Christina Garofalo<\/a><\/h3>\n\t\t\t<div class=\"wordcamp-image__avatar-container align-left\">\n\t\t\t<a href=\"https:\/\/montreal.wordcamp.org\/2023\/speaker\/christina-garofalo\/\" class=\"wordcamp-image__avatar-link\">\n\t\t\t\t<img loading=\"lazy\" decoding=\"async\" width=\"150\" height=\"150\" src=\"https:\/\/montreal.wordcamp.org\/2023\/files\/2023\/09\/christina-150x150.jpeg\" class=\"attachment-150x150 size-150x150 wp-post-image\" alt=\"Avatar de Christina Garofalo\" \/>\t\t\t<\/a>\n\t\t<\/div>\n\t\n\t\t\t<div class=\"wordcamp-block__item-content wordcamp-speakers__content is-excerpt\"><p>As a designer and illustrator, I found a strong passion for web development and have been working extensively with WordPress for over a decade. I have specialized professionally in WordPress backend development for the past six years with a local web agency, Plank. Through self-study and hands-on experience, I have gained valuable expertise to contribute &hellip; <\/p>\n<\/div>\t\n\t<\/div>\n\n<\/li><li class=\"wordcamp-post-list__post wordcamp-clearfix\">\n<div class=\"wordcamp-speaker wordcamp-speakers__post slug-dave-kellam\">\n\t<h3 class=\"wordcamp-block__item-title wordcamp-speakers__title\"><a href=\"https:\/\/montreal.wordcamp.org\/2023\/speaker\/dave-kellam\/\">Dave Kellam<\/a><\/h3>\n\t\t\t<div class=\"wordcamp-image__avatar-container align-left\">\n\t\t\t<a href=\"https:\/\/montreal.wordcamp.org\/2023\/speaker\/dave-kellam\/\" class=\"wordcamp-image__avatar-link\">\n\t\t\t\t<img loading=\"lazy\" decoding=\"async\" width=\"150\" height=\"150\" src=\"https:\/\/montreal.wordcamp.org\/2023\/files\/2023\/09\/dave-kellam-150x150.jpg\" class=\"attachment-150x150 size-150x150 wp-post-image\" alt=\"Avatar de Dave Kellam\" \/>\t\t\t<\/a>\n\t\t<\/div>\n\t\n\t\t\t<div class=\"wordcamp-block__item-content wordcamp-speakers__content is-excerpt\"><p>I&#039;ve been creating on the web for over 25 years. I&#039;ve been using WordPress since the version 1.5 beta and created one of the earliest plugins! I currently lead the WordPress team at Plank, a remote-first agency that started in Montreal.<\/p>\n<\/div>\t\n\t<\/div>\n\n<\/li><li class=\"wordcamp-post-list__post wordcamp-clearfix\">\n<div class=\"wordcamp-speaker wordcamp-speakers__post slug-donata-stroink-skillrud\">\n\t<h3 class=\"wordcamp-block__item-title wordcamp-speakers__title\"><a href=\"https:\/\/montreal.wordcamp.org\/2023\/speaker\/donata-stroink-skillrud\/\">Donata Stroink-Skillrud<\/a><\/h3>\n\t\t\t<div class=\"wordcamp-image__avatar-container align-left\">\n\t\t\t<a href=\"https:\/\/montreal.wordcamp.org\/2023\/speaker\/donata-stroink-skillrud\/\" class=\"wordcamp-image__avatar-link\">\n\t\t\t\t<img loading=\"lazy\" decoding=\"async\" width=\"150\" height=\"150\" src=\"https:\/\/montreal.wordcamp.org\/2023\/files\/2023\/09\/donata-stroink-skillrud-150x150.jpeg\" class=\"attachment-150x150 size-150x150 wp-post-image\" alt=\"Avatar de Donata Stroink-Skillrud\" \/>\t\t\t<\/a>\n\t\t<\/div>\n\t\n\t\t\t<div class=\"wordcamp-block__item-content wordcamp-speakers__content is-excerpt\"><p>Donata Stroink-Skillrud, Esq., CIPP is an attorney licensed in Illinois and a Certified Information Privacy Professional. Donata is also the President and Legal Engineer behind Termageddon and is responsible for the policy questions, text and keeping clients\u2019 policies up to date with changing legislation. Donata is the Chair of the American Bar Association\u2019s ePrivacy Committee, &hellip; <\/p>\n<\/div>\t\n\t<\/div>\n\n<\/li><li class=\"wordcamp-post-list__post wordcamp-clearfix\">\n<div class=\"wordcamp-speaker wordcamp-speakers__post slug-etienne-belanger\">\n\t<h3 class=\"wordcamp-block__item-title wordcamp-speakers__title\"><a href=\"https:\/\/montreal.wordcamp.org\/2023\/speaker\/etienne-belanger\/\">\u00c9tienne B\u00e9langer<\/a><\/h3>\n\t\t\t<div class=\"wordcamp-image__avatar-container align-left\">\n\t\t\t<a href=\"https:\/\/montreal.wordcamp.org\/2023\/speaker\/etienne-belanger\/\" class=\"wordcamp-image__avatar-link\">\n\t\t\t\t<img loading=\"lazy\" decoding=\"async\" width=\"150\" height=\"150\" src=\"https:\/\/montreal.wordcamp.org\/2023\/files\/2023\/09\/etienne-150x150.jpg\" class=\"attachment-150x150 size-150x150 wp-post-image\" alt=\"Avatar de \u00c9tienne B\u00e9langer\" srcset=\"https:\/\/montreal.wordcamp.org\/2023\/files\/2023\/09\/etienne-150x150.jpg 150w, https:\/\/montreal.wordcamp.org\/2023\/files\/2023\/09\/etienne-300x300.jpg 300w, https:\/\/montreal.wordcamp.org\/2023\/files\/2023\/09\/etienne.jpg 600w\" sizes=\"auto, (max-width: 150px) 100vw, 150px\" \/>\t\t\t<\/a>\n\t\t<\/div>\n\t\n\t\t\t<div class=\"wordcamp-block__item-content wordcamp-speakers__content is-excerpt\"><p>\u00c9tienne B\u00e9langer est un d\u00e9veloppeur full-stack autodidacte avec plus de 15 ans d\u2019exp\u00e9riences avec WordPress. Il construit des th\u00e8mes personnalis\u00e9s, des plugins et des extensions de plugins. Son exp\u00e9rience s&#039;\u00e9tend des petits sites aux grands \u00e9cosyst\u00e8mes multisites de commerce \u00e9lectronique. Son expertise est en WordPress, php, NodeJS, Golang, React Native, GraphQL et les apis.Quand il &hellip; <\/p>\n<\/div>\t\n\t<\/div>\n\n<\/li><li class=\"wordcamp-post-list__post wordcamp-clearfix\">\n<div class=\"wordcamp-speaker wordcamp-speakers__post slug-johnson-nicolas\">\n\t<h3 class=\"wordcamp-block__item-title wordcamp-speakers__title\"><a href=\"https:\/\/montreal.wordcamp.org\/2023\/speaker\/johnson-nicolas\/\">Johnson Nicolas<\/a><\/h3>\n\t\t\t<div class=\"wordcamp-image__avatar-container align-left\">\n\t\t\t<a href=\"https:\/\/montreal.wordcamp.org\/2023\/speaker\/johnson-nicolas\/\" class=\"wordcamp-image__avatar-link\">\n\t\t\t\t<img loading=\"lazy\" decoding=\"async\" width=\"150\" height=\"150\" src=\"https:\/\/montreal.wordcamp.org\/2023\/files\/2023\/10\/nicolas-150x150.jpeg\" class=\"attachment-150x150 size-150x150 wp-post-image\" alt=\"Avatar de Johnson Nicolas\" \/>\t\t\t<\/a>\n\t\t<\/div>\n\t\n\t\t\t<div class=\"wordcamp-block__item-content wordcamp-speakers__content is-excerpt\"><p>En 2015, j&#039;ai d\u00e9but\u00e9 ma carri\u00e8re en tant qu&#039;int\u00e9grateur web pour une compagnie avec laquelle j&#039;ai fais beaucoup de WordPress. Par la suite, j&#039;ai eu beaucoup de contrats personnels en WordPress. En 2019, j&#039;ai travaill\u00e9 pour une agence sp\u00e9cialis\u00e9e en entretien de sites WordPress o\u00f9 j&#039;ai appris beaucoup. En 2021, j&#039;ai lanc\u00e9 mon agence web &hellip; <\/p>\n<\/div>\t\n\t<\/div>\n\n<\/li><li class=\"wordcamp-post-list__post wordcamp-clearfix\">\n<div class=\"wordcamp-speaker wordcamp-speakers__post slug-lax-mariappan\">\n\t<h3 class=\"wordcamp-block__item-title wordcamp-speakers__title\"><a href=\"https:\/\/montreal.wordcamp.org\/2023\/speaker\/lax-mariappan\/\">Lax Mariappan<\/a><\/h3>\n\t\t\t<div class=\"wordcamp-image__avatar-container align-left\">\n\t\t\t<a href=\"https:\/\/montreal.wordcamp.org\/2023\/speaker\/lax-mariappan\/\" class=\"wordcamp-image__avatar-link\">\n\t\t\t\t<img loading=\"lazy\" decoding=\"async\" width=\"150\" height=\"150\" src=\"https:\/\/montreal.wordcamp.org\/2023\/files\/2023\/09\/wordcamp-montreal-lax-150x150.jpg\" class=\"attachment-150x150 size-150x150 wp-post-image\" alt=\"Avatar de Lax Mariappan\" srcset=\"https:\/\/montreal.wordcamp.org\/2023\/files\/2023\/09\/wordcamp-montreal-lax-150x150.jpg 150w, https:\/\/montreal.wordcamp.org\/2023\/files\/2023\/09\/wordcamp-montreal-lax-300x300.jpg 300w, https:\/\/montreal.wordcamp.org\/2023\/files\/2023\/09\/wordcamp-montreal-lax.jpg 600w\" sizes=\"auto, (max-width: 150px) 100vw, 150px\" \/>\t\t\t<\/a>\n\t\t<\/div>\n\t\n\t\t\t<div class=\"wordcamp-block__item-content wordcamp-speakers__content is-excerpt\"><p>Lax Mariappan is a seasoned web developer, a fervent advocate of Open Source, and an ardent devotee of all things WordPress. Currently holding the position of a backend engineer at WebDevStudios, Lax has an extensive background in crafting robust and innovative web solutions. The Journey of a Passionate Developer Lax&#039;s journey in the world of &hellip; <\/p>\n<\/div>\t\n\t<\/div>\n\n<\/li><li class=\"wordcamp-post-list__post wordcamp-clearfix\">\n<div class=\"wordcamp-speaker wordcamp-speakers__post slug-marija-zaric\">\n\t<h3 class=\"wordcamp-block__item-title wordcamp-speakers__title\"><a href=\"https:\/\/montreal.wordcamp.org\/2023\/speaker\/marija-zaric\/\">Marija Zaric<\/a><\/h3>\n\t\t\t<div class=\"wordcamp-image__avatar-container align-left\">\n\t\t\t<a href=\"https:\/\/montreal.wordcamp.org\/2023\/speaker\/marija-zaric\/\" class=\"wordcamp-image__avatar-link\">\n\t\t\t\t<img loading=\"lazy\" decoding=\"async\" width=\"150\" height=\"150\" src=\"https:\/\/montreal.wordcamp.org\/2023\/files\/2023\/09\/wordcamp-montreal-marija-150x150.jpg\" class=\"attachment-150x150 size-150x150 wp-post-image\" alt=\"Avatar de Marija Zaric\" srcset=\"https:\/\/montreal.wordcamp.org\/2023\/files\/2023\/09\/wordcamp-montreal-marija-150x150.jpg 150w, https:\/\/montreal.wordcamp.org\/2023\/files\/2023\/09\/wordcamp-montreal-marija-300x300.jpg 300w, https:\/\/montreal.wordcamp.org\/2023\/files\/2023\/09\/wordcamp-montreal-marija.jpg 600w\" sizes=\"auto, (max-width: 150px) 100vw, 150px\" \/>\t\t\t<\/a>\n\t\t<\/div>\n\t\n\t\t\t<div class=\"wordcamp-block__item-content wordcamp-speakers__content is-excerpt\"><p>Marija&nbsp;Zaric&nbsp;is a freelance web designer (coding is fun and designing in the browser), street artist, photography enthusiast, international speaker, gif maker living in Belgrade, Serbia. She works with clients from the USA and all over the world, helping them present their services in a unique and professional way.&nbsp;Marija&nbsp;graduated in Computer Science \u2013 computer graphics and &hellip; <\/p>\n<\/div>\t\n\t<\/div>\n\n<\/li><li class=\"wordcamp-post-list__post wordcamp-clearfix\">\n<div class=\"wordcamp-speaker wordcamp-speakers__post slug-meszaros-robert\">\n\t<h3 class=\"wordcamp-block__item-title wordcamp-speakers__title\"><a href=\"https:\/\/montreal.wordcamp.org\/2023\/speaker\/meszaros-robert\/\">M\u00e9sz\u00e1ros R\u00f3bert<\/a><\/h3>\n\t\t\t<div class=\"wordcamp-image__avatar-container align-left\">\n\t\t\t<a href=\"https:\/\/montreal.wordcamp.org\/2023\/speaker\/meszaros-robert\/\" class=\"wordcamp-image__avatar-link\">\n\t\t\t\t<img loading=\"lazy\" decoding=\"async\" width=\"150\" height=\"150\" src=\"https:\/\/montreal.wordcamp.org\/2023\/files\/2023\/09\/mezares-150x150.jpg\" class=\"attachment-150x150 size-150x150 wp-post-image\" alt=\"Avatar de M\u00e9sz\u00e1ros R\u00f3bert\" srcset=\"https:\/\/montreal.wordcamp.org\/2023\/files\/2023\/09\/mezares-150x150.jpg 150w, https:\/\/montreal.wordcamp.org\/2023\/files\/2023\/09\/mezares-300x300.jpg 300w, https:\/\/montreal.wordcamp.org\/2023\/files\/2023\/09\/mezares.jpg 600w\" sizes=\"auto, (max-width: 150px) 100vw, 150px\" \/>\t\t\t<\/a>\n\t\t<\/div>\n\t\n\t\t\t<div class=\"wordcamp-block__item-content wordcamp-speakers__content is-excerpt\"><p>R\u00f3bert M\u00e9sz\u00e1ros is a full-stack developer who enjoys working in cross-functional teams the most. He&#039;s putting his skills to work at Inpsyde, where they provide solutions catering to enterprise-like clients&#039; complex needs. Previously, he freelanced and vetted experts at Codeable and maintained long-standing collaborations with creative agencies. Outside coding, he volunteers at a contemporary art &hellip; <\/p>\n<\/div>\t\n\t<\/div>\n\n<\/li><li class=\"wordcamp-post-list__post wordcamp-clearfix\">\n<div class=\"wordcamp-speaker wordcamp-speakers__post slug-michelle-frechette\">\n\t<h3 class=\"wordcamp-block__item-title wordcamp-speakers__title\"><a href=\"https:\/\/montreal.wordcamp.org\/2023\/speaker\/michelle-frechette\/\">Michelle Frechette<\/a><\/h3>\n\t\t\t<div class=\"wordcamp-image__avatar-container align-left\">\n\t\t\t<a href=\"https:\/\/montreal.wordcamp.org\/2023\/speaker\/michelle-frechette\/\" class=\"wordcamp-image__avatar-link\">\n\t\t\t\t<img loading=\"lazy\" decoding=\"async\" width=\"150\" height=\"150\" src=\"https:\/\/montreal.wordcamp.org\/2023\/files\/2023\/09\/wordcamp-montreal-michelle-150x150.jpg\" class=\"attachment-150x150 size-150x150 wp-post-image\" alt=\"Avatar de Michelle Frechette\" srcset=\"https:\/\/montreal.wordcamp.org\/2023\/files\/2023\/09\/wordcamp-montreal-michelle-150x150.jpg 150w, https:\/\/montreal.wordcamp.org\/2023\/files\/2023\/09\/wordcamp-montreal-michelle-300x300.jpg 300w, https:\/\/montreal.wordcamp.org\/2023\/files\/2023\/09\/wordcamp-montreal-michelle.jpg 600w\" sizes=\"auto, (max-width: 150px) 100vw, 150px\" \/>\t\t\t<\/a>\n\t\t<\/div>\n\t\n\t\t\t<div class=\"wordcamp-block__item-content wordcamp-speakers__content is-excerpt\"><p>In the bustling realm of WordPress, one name shines bright as a beacon of community engagement and business acumen\u2014Michelle Frechette. Michelle&#039;s expertise is unrivaled as the Director of Community Engagement for StellarWP at Liquid Web. This article delves into her journey and her insightful topic for WordCamp Montreal 2023: &quot;How to Focus on Customer Success &hellip; <\/p>\n<\/div>\t\n\t<\/div>\n\n<\/li><li class=\"wordcamp-post-list__post wordcamp-clearfix\">\n<div class=\"wordcamp-speaker wordcamp-speakers__post slug-neha-patel\">\n\t<h3 class=\"wordcamp-block__item-title wordcamp-speakers__title\"><a href=\"https:\/\/montreal.wordcamp.org\/2023\/speaker\/neha-patel\/\">Neha Patel<\/a><\/h3>\n\t\t\t<div class=\"wordcamp-image__avatar-container align-left\">\n\t\t\t<a href=\"https:\/\/montreal.wordcamp.org\/2023\/speaker\/neha-patel\/\" class=\"wordcamp-image__avatar-link\">\n\t\t\t\t<img decoding=\"async\" src=\"https:\/\/secure.gravatar.com\/avatar\/?s=150&amp;d=mm&amp;f=y&amp;r=g\" alt=\"Avatar de Neha Patel\" \/>\t\t\t<\/a>\n\t\t<\/div>\n\t\n\t\t\t<div class=\"wordcamp-block__item-content wordcamp-speakers__content is-excerpt\"><\/div>\t\n\t<\/div>\n\n<\/li><li class=\"wordcamp-post-list__post wordcamp-clearfix\">\n<div class=\"wordcamp-speaker wordcamp-speakers__post slug-stephane-espinosa\">\n\t<h3 class=\"wordcamp-block__item-title wordcamp-speakers__title\"><a href=\"https:\/\/montreal.wordcamp.org\/2023\/speaker\/stephane-espinosa\/\">Stephane Espinosa<\/a><\/h3>\n\t\t\t<div class=\"wordcamp-image__avatar-container align-left\">\n\t\t\t<a href=\"https:\/\/montreal.wordcamp.org\/2023\/speaker\/stephane-espinosa\/\" class=\"wordcamp-image__avatar-link\">\n\t\t\t\t<img decoding=\"async\" src=\"https:\/\/secure.gravatar.com\/avatar\/3515576c7dd3072be697783afb35e678b89f6e576341f374d7f4832e15ab97f8?s=150&amp;d=mm&amp;r=g\" alt=\"Avatar de Stephane Espinosa\" \/>\t\t\t<\/a>\n\t\t<\/div>\n\t\n\t\t\t<div class=\"wordcamp-block__item-content wordcamp-speakers__content is-excerpt\"><p>J&#039;accompagne les PME dans leurs strat\u00e9gies de d\u00e9veloppement num\u00e9rique au niveau organique (SEO) et technique afin de faire gagner leurs services et produits en visibilit\u00e9 sur Internet. Mon travail consiste principalement \u00e0 d\u00e9velopper les strat\u00e9gies de r\u00e9f\u00e9rencement, analyser les facteurs bloquants, et mettre en ad\u00e9quation les contenus des sites avec les recherches des internautes selon &hellip; <\/p>\n<\/div>\t\n\t<\/div>\n\n<\/li><li class=\"wordcamp-post-list__post wordcamp-clearfix\">\n<div class=\"wordcamp-speaker wordcamp-speakers__post slug-vincent-dagenais\">\n\t<h3 class=\"wordcamp-block__item-title wordcamp-speakers__title\"><a href=\"https:\/\/montreal.wordcamp.org\/2023\/speaker\/vincent-dagenais\/\">Vincent Dagenais<\/a><\/h3>\n\t\t\t<div class=\"wordcamp-image__avatar-container align-left\">\n\t\t\t<a href=\"https:\/\/montreal.wordcamp.org\/2023\/speaker\/vincent-dagenais\/\" class=\"wordcamp-image__avatar-link\">\n\t\t\t\t<img loading=\"lazy\" decoding=\"async\" width=\"150\" height=\"150\" src=\"https:\/\/montreal.wordcamp.org\/2023\/files\/2023\/09\/Vincent-Dagenais-150x150.jpeg\" class=\"attachment-150x150 size-150x150 wp-post-image\" alt=\"Avatar de Vincent Dagenais\" \/>\t\t\t<\/a>\n\t\t<\/div>\n\t\n\t\t\t<div class=\"wordcamp-block__item-content wordcamp-speakers__content is-excerpt\"><p>Nous sommes ravis d&#039;annoncer que Vincent sera pr\u00e9sentateur au WordCamp Montreal 2023 : Le parcours professionnel de Vincent : Vincent Dagenais est un expert passionn\u00e9 du multim\u00e9dia sous toutes ses facettes. Fort de plus de 15 ann\u00e9es d&#039;exp\u00e9rience dans les petites agences web et le secteur textile, Vincent a fond\u00e9 en 2021 Vacarme, l&#039;agence bruyante. &hellip; <\/p>\n<\/div>\t\n\t<\/div>\n\n<\/li><\/ul>","protected":false},"excerpt":{"rendered":"","protected":false},"author":15086888,"featured_media":857,"parent":488,"menu_order":0,"comment_status":"closed","ping_status":"closed","template":"wp-custom-template-centered-content-french","meta":{"advanced_seo_description":"WordCamp Montr\u00e9al 2023 recherche des conf\u00e9renciers passionn\u00e9s. Partagez vos connaissances et exp\u00e9riences WordPress avec une audience enthousiaste.","jetpack_seo_html_title":"Devenez Conf\u00e9rencier au WordCamp Montr\u00e9al 2023","jetpack_seo_noindex":false,"jetpack_post_was_ever_published":false,"footnotes":""},"class_list":["post-492","page","type-page","status-publish","has-post-thumbnail","hentry"],"jetpack_sharing_enabled":true,"_links":{"self":[{"href":"https:\/\/montreal.wordcamp.org\/2023\/wp-json\/wp\/v2\/pages\/492","targetHints":{"allow":["GET"]}}],"collection":[{"href":"https:\/\/montreal.wordcamp.org\/2023\/wp-json\/wp\/v2\/pages"}],"about":[{"href":"https:\/\/montreal.wordcamp.org\/2023\/wp-json\/wp\/v2\/types\/page"}],"author":[{"embeddable":true,"href":"https:\/\/montreal.wordcamp.org\/2023\/wp-json\/wp\/v2\/users\/15086888"}],"replies":[{"embeddable":true,"href":"https:\/\/montreal.wordcamp.org\/2023\/wp-json\/wp\/v2\/comments?post=492"}],"version-history":[{"count":29,"href":"https:\/\/montreal.wordcamp.org\/2023\/wp-json\/wp\/v2\/pages\/492\/revisions"}],"predecessor-version":[{"id":1192,"href":"https:\/\/montreal.wordcamp.org\/2023\/wp-json\/wp\/v2\/pages\/492\/revisions\/1192"}],"up":[{"embeddable":true,"href":"https:\/\/montreal.wordcamp.org\/2023\/wp-json\/wp\/v2\/pages\/488"}],"wp:featuredmedia":[{"embeddable":true,"href":"https:\/\/montreal.wordcamp.org\/2023\/wp-json\/wp\/v2\/media\/857"}],"wp:attachment":[{"href":"https:\/\/montreal.wordcamp.org\/2023\/wp-json\/wp\/v2\/media?parent=492"}],"curies":[{"name":"wp","href":"https:\/\/api.w.org\/{rel}","templated":true}]}}