{"id":564,"date":"2023-06-29T00:29:52","date_gmt":"2023-06-29T04:29:52","guid":{"rendered":"https:\/\/montreal.wordcamp.org\/2023\/?page_id=564"},"modified":"2023-11-08T09:10:40","modified_gmt":"2023-11-08T14:10:40","slug":"organisateurs","status":"publish","type":"page","link":"https:\/\/montreal.wordcamp.org\/2023\/fr\/organisateurs\/","title":{"rendered":"Organisateurs"},"content":{"rendered":"\n<div style=\"height:100px\" aria-hidden=\"true\" class=\"wp-block-spacer\"><\/div>\n\n\n\n<div class=\"wp-block-query is-layout-flow wp-block-query-is-layout-flow\"><ul class=\"wp-block-post-template is-layout-flow wp-block-post-template-is-layout-flow\"><li class=\"wp-block-post post-1685 wcb_organizer type-wcb_organizer status-publish has-post-thumbnail hentry\">\n\n<div class=\"wp-block-group is-nowrap is-layout-flex wp-container-core-group-is-layout-6c531013 wp-block-group-is-layout-flex\"><figure style=\"width:96px;height:96px;\" class=\"wp-block-wordcamp-avatar\"><img loading=\"lazy\" decoding=\"async\" width=\"96\" height=\"96\" src=\"https:\/\/montreal.wordcamp.org\/2023\/files\/2023\/09\/wordcamp-montreal-neha-150x150.jpg\" class=\"attachment-96x96 size-96x96 wp-post-image\" alt=\"Neha Patel\" srcset=\"https:\/\/montreal.wordcamp.org\/2023\/files\/2023\/09\/wordcamp-montreal-neha-150x150.jpg 150w, https:\/\/montreal.wordcamp.org\/2023\/files\/2023\/09\/wordcamp-montreal-neha-300x300.jpg 300w, https:\/\/montreal.wordcamp.org\/2023\/files\/2023\/09\/wordcamp-montreal-neha.jpg 600w\" sizes=\"auto, (max-width: 96px) 100vw, 96px\" \/><\/figure>\n\n<h2 class=\"wp-block-post-title\">Neha Patel<\/h2><\/div>\n\n<\/li><li class=\"wp-block-post post-1687 wcb_organizer type-wcb_organizer status-publish hentry\">\n\n<div class=\"wp-block-group is-nowrap is-layout-flex wp-container-core-group-is-layout-6c531013 wp-block-group-is-layout-flex\"><figure style=\"width:96px;height:96px;\" class=\"wp-block-wordcamp-avatar\"><img decoding=\"async\" src=\"https:\/\/secure.gravatar.com\/avatar\/?s=96&amp;d=mm&amp;f=y&amp;r=g\" alt=\"Spencer McGee\" \/><\/figure>\n\n<h2 class=\"wp-block-post-title\">Spencer McGee<\/h2><\/div>\n\n<\/li><li class=\"wp-block-post post-254 wcb_organizer type-wcb_organizer status-publish hentry wcb_organizer_team-design wcb_organizer_team-dev wcb_organizer_team-marketing wcb_organizer_team-organisation\">\n\n<div class=\"wp-block-group is-nowrap is-layout-flex wp-container-core-group-is-layout-6c531013 wp-block-group-is-layout-flex\"><figure style=\"width:96px;height:96px;\" class=\"wp-block-wordcamp-avatar\"><img decoding=\"async\" src=\"https:\/\/secure.gravatar.com\/avatar\/3515576c7dd3072be697783afb35e678b89f6e576341f374d7f4832e15ab97f8?s=96&amp;d=mm&amp;r=g\" alt=\"St\u00e9phane Espinosa\" \/><\/figure>\n\n<h2 class=\"wp-block-post-title\">St\u00e9phane Espinosa<\/h2><\/div>\n\n<\/li><\/ul><\/div>\n","protected":false},"excerpt":{"rendered":"<p>Rejoignez l&rsquo;\u00e9quipe d&rsquo;organisation du WordCamp Montr\u00e9al 2023 et contribuez \u00e0 faire de cet \u00e9v\u00e9nement WordPress un succ\u00e8s retentissant.<\/p>\n","protected":false},"author":15086888,"featured_media":973,"parent":488,"menu_order":0,"comment_status":"closed","ping_status":"closed","template":"","meta":{"advanced_seo_description":"Rejoignez l'\u00e9quipe d'organisation du WordCamp Montr\u00e9al 2023 et contribuez \u00e0 faire de cet \u00e9v\u00e9nement WordPress un succ\u00e8s retentissant.","jetpack_seo_html_title":"WordCamp Montr\u00e9al 2023: Rejoignez l'\u00e9quipe d'organisateurs","jetpack_seo_noindex":false,"jetpack_post_was_ever_published":false,"footnotes":""},"class_list":["post-564","page","type-page","status-publish","has-post-thumbnail","hentry"],"jetpack_sharing_enabled":true,"_links":{"self":[{"href":"https:\/\/montreal.wordcamp.org\/2023\/wp-json\/wp\/v2\/pages\/564","targetHints":{"allow":["GET"]}}],"collection":[{"href":"https:\/\/montreal.wordcamp.org\/2023\/wp-json\/wp\/v2\/pages"}],"about":[{"href":"https:\/\/montreal.wordcamp.org\/2023\/wp-json\/wp\/v2\/types\/page"}],"author":[{"embeddable":true,"href":"https:\/\/montreal.wordcamp.org\/2023\/wp-json\/wp\/v2\/users\/15086888"}],"replies":[{"embeddable":true,"href":"https:\/\/montreal.wordcamp.org\/2023\/wp-json\/wp\/v2\/comments?post=564"}],"version-history":[{"count":29,"href":"https:\/\/montreal.wordcamp.org\/2023\/wp-json\/wp\/v2\/pages\/564\/revisions"}],"predecessor-version":[{"id":1692,"href":"https:\/\/montreal.wordcamp.org\/2023\/wp-json\/wp\/v2\/pages\/564\/revisions\/1692"}],"up":[{"embeddable":true,"href":"https:\/\/montreal.wordcamp.org\/2023\/wp-json\/wp\/v2\/pages\/488"}],"wp:featuredmedia":[{"embeddable":true,"href":"https:\/\/montreal.wordcamp.org\/2023\/wp-json\/wp\/v2\/media\/973"}],"wp:attachment":[{"href":"https:\/\/montreal.wordcamp.org\/2023\/wp-json\/wp\/v2\/media?parent=564"}],"curies":[{"name":"wp","href":"https:\/\/api.w.org\/{rel}","templated":true}]}}