{"id":935,"date":"2023-07-26T21:38:28","date_gmt":"2023-07-27T01:38:28","guid":{"rendered":"https:\/\/montreal.wordcamp.org\/2023\/?page_id=935"},"modified":"2023-07-29T00:51:25","modified_gmt":"2023-07-29T04:51:25","slug":"code-de-conduite","status":"publish","type":"page","link":"https:\/\/montreal.wordcamp.org\/2023\/code-de-conduite\/","title":{"rendered":"Code de conduite"},"content":{"rendered":"\n<h3 class=\"wp-block-heading\">1. Objectif<\/h3>\n\n\n\n<p>WordCamp Montr\u00e9al croit que notre communaut\u00e9 devrait \u00eatre ouverte \u00e0 tous. En tant que tels, nous nous engageons \u00e0 offrir un environnement amical, s\u00e9curitaire et accueillant pour tous, ind\u00e9pendamment du genre, de l&rsquo;orientation sexuelle, du handicap, de l&rsquo;origine ethnique, de la religion, de l&rsquo;\u00e2ge, de la caste, de la classe sociale, du syst\u00e8me d&rsquo;exploitation pr\u00e9f\u00e9r\u00e9, du langage de programmation ou de l&rsquo;\u00e9diteur de texte, ainsi que d&rsquo;autres caract\u00e9ristiques d&rsquo;identification.<\/p>\n\n\n\n<p>Ce code de conduite \u00e9nonce nos attentes en mati\u00e8re de comportement des participants, ainsi que les cons\u00e9quences pour tout comportement inacceptable.<\/p>\n\n\n\n<p>Nous invitons tous les commanditaires, b\u00e9n\u00e9voles, conf\u00e9renciers, participants et autres personnes pr\u00e9sentes \u00e0 nous aider \u00e0 r\u00e9aliser une exp\u00e9rience de conf\u00e9rence s\u00fbre et positive pour tous.<\/p>\n\n\n\n<p>Citoyennet\u00e9 de source ouverte<\/p>\n\n\n\n<h3 class=\"wp-block-heading\">2. Citoyennet\u00e9 de source ouverte<\/h3>\n\n\n\n<p>Un objectif suppl\u00e9mentaire de ce code de conduite est de renforcer la citoyennet\u00e9 du logiciel libre en encourageant les participants \u00e0 reconna\u00eetre et \u00e0 renforcer les liens entre nos actions et la communaut\u00e9 dans son ensemble.<\/p>\n\n\n\n<p>Dans le cadre de cet objectif, les organisateurs du WordCamp Montr\u00e9al recueilleront des nominations pour des citoyens exemplaires tout au long de l&rsquo;\u00e9v\u00e9nement et reconna\u00eetront certains participants s\u00e9lectionn\u00e9s apr\u00e8s la conf\u00e9rence sur le site Web.<\/p>\n\n\n\n<h3 class=\"wp-block-heading\">3. Comportement attendu Soyez attentionn\u00e9, respectueux et collaboratif<\/h3>\n\n\n\n<p>\u00c9vitez tout comportement ou discours blessant, discriminatoire ou harcelant. Soyez attentif \u00e0 vos coll\u00e8gues. Signalez aux organisateurs de la conf\u00e9rence si vous remarquez une situation dangereuse ou si quelqu&rsquo;un est en d\u00e9tresse. Participez de mani\u00e8re authentique et active. En agissant ainsi, vous contribuez \u00e0 cr\u00e9er le WordCamp Montr\u00e9al et \u00e0 en faire votre propre exp\u00e9rience.<\/p>\n\n\n\n<p>Comportement inacceptable Les comportements inacceptables comprennent :<\/p>\n\n\n\n<h3 class=\"wp-block-heading\">4. Comportement inacceptable Les comportements inacceptables comprennent :<\/h3>\n\n\n\n<p>Intimidation, harc\u00e8lement, abus, discrimination, commentaires d\u00e9rogatoires ou blessants de la part de tout participant du WordCamp Montr\u00e9al et des \u00e9v\u00e9nements connexes. Toutes les plates-formes du WordCamp Montr\u00e9al peuvent \u00eatre partag\u00e9es avec des membres du public ; veuillez \u00eatre respectueux envers tous les utilisateurs de ces outils.<\/p>\n\n\n\n<p>Le harc\u00e8lement inclut : des commentaires verbaux offensants li\u00e9s au genre, \u00e0 l&rsquo;orientation sexuelle, \u00e0 la race, \u00e0 la religion, au handicap ; l&rsquo;utilisation inappropri\u00e9e de la nudit\u00e9 et\/ou d&rsquo;images sexuelles et de liens dans des espaces publics (y compris les diapositives de pr\u00e9sentation et le chat texte lors d&rsquo;\u00e9v\u00e9nements virtuels) ; l&rsquo;intimidation d\u00e9lib\u00e9r\u00e9e, la traque ou la surveillance ; la photographie ou l&rsquo;enregistrement harcelants ; la perturbation prolong\u00e9e des discussions ou d&rsquo;autres \u00e9v\u00e9nements ; les contacts inappropri\u00e9s et les attentions sexuelles non d\u00e9sir\u00e9es.<\/p>\n\n\n\n<h3 class=\"wp-block-heading\">5. Cons\u00e9quences d&rsquo;un comportement inacceptable Le comportement <\/h3>\n\n\n\n<p>inacceptable ne sera pas tol\u00e9r\u00e9, que ce soit par d&rsquo;autres participants, organisateurs, commanditaires ou autres intervenants des plates-formes du WordCamp Montr\u00e9al.<\/p>\n\n\n\n<p>Toute personne pri\u00e9e de cesser un comportement inacceptable doit se conformer imm\u00e9diatement.<\/p>\n\n\n\n<p>Si un participant adopte un comportement inacceptable, les organisateurs de la conf\u00e9rence peuvent prendre toute mesure qu&rsquo;ils jugent appropri\u00e9e, y compris l&rsquo;expulsion de la conf\u00e9rence sans avertissement ni remboursement.<\/p>\n\n\n\n<h3 class=\"wp-block-heading\">5. Que faire si vous \u00eates t\u00e9moin ou victime d&rsquo;un comportement inacceptable<\/h3>\n\n\n\n<p>Si vous \u00eates victime d&rsquo;un comportement inacceptable, si vous remarquez qu&rsquo;une autre personne en est victime ou si vous avez d&rsquo;autres pr\u00e9occupations, veuillez en informer imm\u00e9diatement un organisateur de la conf\u00e9rence.<\/p>\n\n\n\n<p>L&rsquo;\u00e9quipe du WordCamp Montr\u00e9al sera disponible pour aider les participants \u00e0 contacter les mod\u00e9rateurs de la plateforme ou pour aider autrement ceux qui subissent un comportement inacceptable \u00e0 se sentir en s\u00e9curit\u00e9 pendant toute la dur\u00e9e de la conf\u00e9rence. Le nom d&rsquo;\u00e9cran des b\u00e9n\u00e9voles commence par &laquo;[V]&raquo;. Vous pouvez leur envoyer un message priv\u00e9, et ils vous mettront en contact avec un organisateur de la conf\u00e9rence qui a le contr\u00f4le du logiciel de visioconf\u00e9rence.<\/p>\n\n\n\n<h3 class=\"wp-block-heading\">6. Port\u00e9e Nous attendons de tous les participants \u00e0 la conf\u00e9rence <\/h3>\n\n\n\n<p>(commanditaires, b\u00e9n\u00e9voles, conf\u00e9renciers, participants et autres invit\u00e9s) qu&rsquo;ils respectent ce code de conduite sur toutes les plates-formes de la conf\u00e9rence et lors des \u00e9v\u00e9nements sociaux li\u00e9s \u00e0 la conf\u00e9rence.<\/p>\n\n\n\n<h3 class=\"wp-block-heading\">7. Coordonn\u00e9es Les informations ci-dessous seront mises \u00e0 jour bient\u00f4t.<\/h3>\n\n\n\n<p>Informations de contact ici ! Assurez-vous qu&rsquo;elles incluent un moyen de contacter les organisateurs pendant l&rsquo;\u00e9v\u00e9nement. Pour un \u00e9v\u00e9nement virtuel, ajoutez un moyen de contact accessible \u00e0 tous pour vous rejoindre pendant l&rsquo;\u00e9v\u00e9nement (tel qu&rsquo;un compte Slack Make WordPress ou une adresse e-mail avec notification instantan\u00e9e).<\/p>\n\n\n\n<h3 class=\"wp-block-heading\">8. Licence et attribution<\/h3>\n\n\n\n<p>Ce code de conduite est directement inspir\u00e9 du formidable travail d&rsquo;Open Source Bridge, mais avec nos informations d&rsquo;\u00e9v\u00e9nement substitu\u00e9es. L&rsquo;original est disponible sur Open Source Bridge 2018 [archiv\u00e9] et est publi\u00e9 sous une licence Creative Commons Attribution-ShareAlike.<\/p>\n\n\n\n<h3 class=\"wp-block-heading\">D\u00e9claration sur les \u00e9v\u00e9nements sociaux ou suppl\u00e9mentaires (le cas \u00e9ch\u00e9ant)<\/h3>\n\n\n\n<p>Les \u00e9v\u00e9nements sociaux et suppl\u00e9mentaires ont pour but de favoriser le r\u00e9seautage et de fournir des opportunit\u00e9s suppl\u00e9mentaires d&rsquo;apprentissage, ainsi qu&rsquo;une occasion de se d\u00e9tendre apr\u00e8s un WordCamp complet. Ils devraient \u00e9galement \u00eatre des lieux o\u00f9 les participants se sentent en s\u00e9curit\u00e9.<\/p>\n\n\n\n<p>Nous voulons que vous profitiez de ces \u00e9v\u00e9nements en toute s\u00e9curit\u00e9. Si vous constatez une violation du code de conduite, en \u00eates t\u00e9moin, \u00eates pr\u00e9occup\u00e9 par le bien-\u00eatre, la s\u00e9curit\u00e9 ou le comportement d&rsquo;un autre participant, ou avez une question g\u00e9n\u00e9rale (nous comprenons que les violations ne sont pas toujours \u00e9videntes !), contactez-nous imm\u00e9diatement en informant un organisateur de WordCamp ou en envoyant un e-mail \u00e0 <a href=\"mailto:report@wordcamp.org\">report@wordcamp.org<\/a>. Pour les \u00e9v\u00e9nements en personne, si vous avez besoin d&rsquo;aide ou si vous ne pouvez pas vous retirer confortablement ou en toute s\u00e9curit\u00e9 d&rsquo;une situation dans laquelle vous ne souhaitez pas \u00eatre, les organisateurs vous aideront imm\u00e9diatement et discr\u00e8tement. Quelques exemples : ne pas se sentir bien, annulation de vos arrangements de transport, \u00e9tat d&rsquo;\u00e9bri\u00e9t\u00e9, \u00eatre seul ou avec quelqu&rsquo;un en qui vous n&rsquo;avez pas confiance, se sentir d\u00e9pass\u00e9, avoir \u00e9t\u00e9 t\u00e9moin ou victime d&rsquo;une violation du code de conduite. Veuillez demander l&rsquo;aide de tout b\u00e9n\u00e9vole ou organisateur d&rsquo;\u00e9v\u00e9nement \u00e0 proximit\u00e9.<\/p>\n","protected":false},"excerpt":{"rendered":"<p>1. Objectif WordCamp Montr\u00e9al croit que notre communaut\u00e9 devrait \u00eatre ouverte \u00e0 tous. En tant que tels, nous nous engageons \u00e0 offrir un environnement amical, s\u00e9curitaire et accueillant pour tous, ind\u00e9pendamment du genre, de l&rsquo;orientation sexuelle, du handicap, de l&rsquo;origine ethnique, de la religion, de l&rsquo;\u00e2ge, de la caste, de la classe sociale, du syst\u00e8me [&hellip;]<\/p>\n","protected":false},"author":15086888,"featured_media":0,"parent":0,"menu_order":0,"comment_status":"closed","ping_status":"closed","template":"","meta":{"advanced_seo_description":"","jetpack_seo_html_title":"","jetpack_seo_noindex":false,"jetpack_post_was_ever_published":false,"footnotes":""},"class_list":["post-935","page","type-page","status-publish","hentry"],"jetpack_sharing_enabled":true,"_links":{"self":[{"href":"https:\/\/montreal.wordcamp.org\/2023\/wp-json\/wp\/v2\/pages\/935","targetHints":{"allow":["GET"]}}],"collection":[{"href":"https:\/\/montreal.wordcamp.org\/2023\/wp-json\/wp\/v2\/pages"}],"about":[{"href":"https:\/\/montreal.wordcamp.org\/2023\/wp-json\/wp\/v2\/types\/page"}],"author":[{"embeddable":true,"href":"https:\/\/montreal.wordcamp.org\/2023\/wp-json\/wp\/v2\/users\/15086888"}],"replies":[{"embeddable":true,"href":"https:\/\/montreal.wordcamp.org\/2023\/wp-json\/wp\/v2\/comments?post=935"}],"version-history":[{"count":4,"href":"https:\/\/montreal.wordcamp.org\/2023\/wp-json\/wp\/v2\/pages\/935\/revisions"}],"predecessor-version":[{"id":982,"href":"https:\/\/montreal.wordcamp.org\/2023\/wp-json\/wp\/v2\/pages\/935\/revisions\/982"}],"wp:attachment":[{"href":"https:\/\/montreal.wordcamp.org\/2023\/wp-json\/wp\/v2\/media?parent=935"}],"curies":[{"name":"wp","href":"https:\/\/api.w.org\/{rel}","templated":true}]}}